{"id":742,"date":"2017-03-11T16:50:58","date_gmt":"2017-03-11T15:50:58","guid":{"rendered":"https:\/\/www.zucchetti.com\/de\/?page_id=742"},"modified":"2024-01-17T17:48:22","modified_gmt":"2024-01-17T16:48:22","slug":"rechtliches","status":"publish","type":"page","link":"https:\/\/www.zucchetti.com\/de\/rechtliches.html","title":{"rendered":"Rechtliches"},"content":{"rendered":"<div class=\"wpb-content-wrapper\"><p>[vc_row full_width=&#8220;stretch_row&#8220; wrap_container=&#8220;yes&#8220; text_align=&#8220;left&#8220; css=&#8220;.vc_custom_1527675826208{margin-top: 0px !important;margin-right: 0px !important;margin-bottom: 0px !important;margin-left: 0px !important;border-top-width: 0px !important;border-right-width: 0px !important;border-bottom-width: 0px !important;border-left-width: 0px !important;padding-top: 0px !important;padding-right: 0px !important;padding-bottom: 0px !important;padding-left: 0px !important;}&#8220; el_class=&#8220;bg-custom-cookies&#8220;][vc_column][vc_custom_heading text=&#8220;&#8220; font_container=&#8220;tag:h2|font_size:1.8em|text_align:left&#8220; use_theme_fonts=&#8220;yes&#8220; el_class=&#8220;h2-under-title text-color-light under-title&#8220; css=&#8220;.vc_custom_1519747575998{padding-bottom: 20px !important;}&#8220;][\/vc_column][\/vc_row][vc_row][vc_column width=&#8220;5\/6&#8243;][vc_column_text]<strong>Zucchetti Germany GmbH<\/strong><br \/>\nHauptsitz: Werner-von-Siemens-Allee 4 \u2013 D-66115 Saarbr\u00fccken<\/p>\n<p>HRB: HRB13356<\/p>\n<p>USt.ID: DE213672132<br \/>\nStammkapital: 926.000<\/p>\n<p><strong>HINWEIS F\u00dcR AUF DIESER WEBSEITE VERF\u00dcGBARER SOFTWARE<\/strong><br \/>\nJegliche Software, welche auf diesem Server zum Download zur Verf\u00fcgung steht (\u201eSoftware\u201c), ist das urheberrechtlich gesch\u00fctzte Eigentum der Zucchetti Group und\/oder deren Zulieferern. Die Nutzung der Software unterliegt den Bedingungen der Endanwenderlizenz, welche diese Software begleitet oder in dieser enthalten ist (\u201eLizenzvereinbarung\u201c). Endverbraucher sind nicht dazu in der Lage, Software, welche eine Lizenzvereinbarung enth\u00e4lt, zu installieren, ohne den Bedingungen der Lizenzvereinbarung zuerst zuzustimmen.<\/p>\n<p>Diese Software wird allein zu dem Zweck zum Download bereitgestellt, dass Endnutzer sie entsprechend der Bedingungen der Lizenzvereinbarung nutzen k\u00f6nnen. Jegliche Vervielf\u00e4ltigung oder Weitergabe der Software, welche gegen die Bedingungen der Lizenzvereinbarung verst\u00f6\u00dft, ist ausdr\u00fccklich gesetzlich untersagt und kann zu schweren zivilrechtlichen und kriminalrechtlichen Strafen f\u00fchren. Personen, welche gegen diese Gesetze versto\u00dfen, werden innerhalb des maximal zul\u00e4ssigen gesetzlichen Rahmens verfolgt.<\/p>\n<p>Ohne Einschr\u00e4nkung der obigen Bedingungen ist ein Kopieren oder eine Vervielf\u00e4ltigung der Software auf andere Server oder Standorte zur weiteren Vervielf\u00e4ltigung oder Verteilung ausdr\u00fccklich untersagt.<\/p>\n<p>Eine Gew\u00e4hrleistung der Software, sofern eine solche einger\u00e4umt wird, ist auf die Bedingungen der Lizenzvereinbarung beschr\u00e4nkt. Mit Ausnahme der Garantien in der Lizenzvereinbarung lehnt die Zucchetti Group hiermit alle Garantien und Bedingungen in Bezug auf die Software, jegliche implizierten Garantien und Gew\u00e4hrleistung der Handelsg\u00e4ngigkeit, Eignung zu einem bestimmten Zweck, Eigentumsanspruch und rechtliche Einwandfreiheit ab.<\/p>\n<p><strong>HINWEIS ZU AUF DIESER WEBSEITE VERF\u00dcGBAREN DOKUMENTEN<\/strong><br \/>\nDie Genehmigung zur Nutzung von Dokumenten und Grafiken, die auf diesem Server (\u201eServer\u201c) zur Verf\u00fcgung gestellt werden, wird unter den folgenden Bedingungen einger\u00e4umt:<br \/>\n(1) Der obige Urheberrechtshinweis erscheint in allen Kopien und der Urheberrechtshinweis, sowie dieser Genehmigungshinweis sind sichtbar.<br \/>\n(2) Die Nutzung der auf diesem Server zur Verf\u00fcgung gestellten Dokumente, gilt allein zu nicht gewerblichen Informationszwecken bzw. zur pers\u00f6nlichen Nutzung. Es ist untersagt, die obigen Dokumente zu kopieren oder auf anderen vernetzten Computern oder anderen Kommunikationswegen zu verbreiten.<br \/>\n(3) Es ist untersagt, die auf diesem Server verf\u00fcgbaren Dokumente oder Grafiken zu ver\u00e4ndern. Die Nutzung der Dokumente zu ausdr\u00fccklich gesetzlich untersagten Zwecken f\u00fchrt zu schweren zivil- und kriminalrechtlichen Strafen. Personen, die gegen die Vorgaben versto\u00dfen, werden im vollen gesetzlichen Rahmen verfolgt.<\/p>\n<p>Zu den oben aufgef\u00fchrten Dokumenten geh\u00f6ren weder das Design, noch das Layout der Webseite der Zucchetti Group, noch anderer Webseiten, welche von der Zucchetti Group besessen, betrieben, lizensiert oder kontrolliert werden. Teile der Webseiten der Zucchetti Group sind durch gewerbliche Vereinbarungen, urheberrechtliche Gesetze, Gesetze gegen unlauteren Wettbewerb und andere Gesetze gesch\u00fctzt und d\u00fcrfen daher weder ganz noch teilweise kopiert oder imitiert werden. Kein Logo, keine Grafik, Ton oder Bild der Webseite der Zucchetti Group darf ohne die ausdr\u00fcckliche Genehmigung der Zucchetti Group kopiert oder vervielf\u00e4ltigt werden.<\/p>\n<p>Die Zucchetti Group und\/oder ihre Zulieferer leisten keinerlei Gew\u00e4hrleistung zur Eignung der auf diesem Server zur Verf\u00fcgung gestellten Dokumente und Grafiken zu bestimmten Zwecken. All diese Dokumente und Grafiken werden \u201ewie gesehen\u201c ohne jegliche Gew\u00e4hrleistung und ohne implizierte Garantie der Marktg\u00e4ngigkeit, Eignung zu einem bestimmten Zweck, Eigentumsanspruch oder rechtliche Einwandfreiheit zur Verf\u00fcgung gestellt. Mit Ausnahme von Betrug oder Fahrl\u00e4ssigkeit, haften weder die Zucchetti Group, noch deren Zulieferer f\u00fcr besondere, indirekte, Folge- oder andere Sch\u00e4den, welche sich durch einen Verlust der Nutzbarkeit, Daten oder Gewinne ergeben, unabh\u00e4ngig davon, ob diese Verluste im Rahmen der Ausf\u00fchrung eines Vertrags, Fahrl\u00e4ssigkeit oder absichtlichem Fehlverhalten in Verbindung mit der Nutzung oder Leistung der auf diesem Server bereitgestellten Informationen entstehen.<\/p>\n<p>Die auf diesem Server ver\u00f6ffentlichten Dokumente und Grafiken k\u00f6nnen technische Ungenauigkeiten, sowie Tippfehler enthalten. Gelegentliche \u00c4nderungen an diesen Informationen sind vorbehalten. Die Zucchetti Group und\/oder ihre Zulieferer behalten sich das Recht vor, jederzeit Verbesserungen oder \u00c4nderungen an den hierin beschriebenen Produkten\/Programmen vorzunehmen.<\/p>\n<p><strong>HINWEIS ZU AUF DIESER WEBSEITE VERF\u00dcGBARER SOFTWARE, DOKUMENTE UND DIENSTLEISTUNGEN<\/strong><br \/>\nMit Ausnahme von Betrug oder Fahrl\u00e4ssigkeit haften weder die Zucchetti Group noch deren Zulieferer f\u00fcr besondere, indirekte, Folge- oder andere Sch\u00e4den, welche durch einen Verlust der Nutzbarkeit, Daten oder Gewinne entstehen, unabh\u00e4ngig davon, ob diese Verluste im Rahmen der Nutzung oder Leistung von Software, Dokumenten, Bereitstellung oder ausbleibender Bereitstellung von Dienstleistungen oder Informationen \u00fcber diesen Server entstehen.<\/p>\n<p><strong>LINKS ZU WEBSEITEN DRITTER<\/strong><br \/>\nBestimmte Links erm\u00f6glichen Ihnen, die Webseite der Zucchetti Group zu verlassen. Die verlinkten Webseiten befinden sich nicht unter der Kontrolle der Zucchetti Group und die Zucchetti Group \u00fcbernimmt weder Verantwortung f\u00fcr die Inhalte oder Links auf diesen verlinkten Webseiten, noch f\u00fcr \u00c4nderungen oder Aktualisierungen dieser Seiten. Die Zucchetti Group \u00fcbernimmt keine Haftung f\u00fcr Online-Ver\u00f6ffentlichungen oder andere Kommunikation auf oder ausgehend von den verlinkten Webseiten. Die Zucchetti Group bietet diese Links ausschlie\u00dflich als Zusatzangebot an. Eine Verlinkung stellt keine Empfehlung einer Webseite durch die Zucchetti Group dar.<\/p>\n<p><strong>URHEBERRECHTSHINWEIS<\/strong><br \/>\nCopyright \u00a9 2018 Zucchetti Germany GmbH, Werner-von-Siemens-Allee 4 \u2013 D-66115 Saarbr\u00fccken. Alle Rechte vorbehalten.<\/p>\n<p>Nicht ausdr\u00fccklich hierin erw\u00e4hnte Rechte sind vorbehalten.[\/vc_column_text][vc_empty_space height=&#8220;50px&#8220;][\/vc_column][vc_column width=&#8220;1\/6&#8243;][vc_btn title=&#8220;Drucken&#8220; style=&#8220;flat&#8220; shape=&#8220;square&#8220; color=&#8220;primary&#8220; align=&#8220;right&#8220; skin=&#8220;primary&#8220; custom_onclick=&#8220;true&#8220; custom_onclick_code=&#8220;javascript: window.print();&#8220; el_class=&#8220;no-print&#8220;][\/vc_column][\/vc_row]<\/p>\n<\/div>","protected":false},"excerpt":{"rendered":"<p>[vc_row full_width=&#8220;stretch_row&#8220; wrap_container=&#8220;yes&#8220; text_align=&#8220;left&#8220; css=&#8220;.vc_custom_1527675826208{margin-top: 0px !important;margin-right: 0px !important;margin-bottom: 0px !important;margin-left: 0px !important;border-top-width: 0px !important;border-right-width: 0px !important;border-bottom-width: 0px !important;border-left-width: 0px !important;padding-top: 0px !important;padding-right: 0px !important;padding-bottom: 0px !important;padding-left: 0px !important;}&#8220; el_class=&#8220;bg-custom-cookies&#8220;][vc_column][vc_custom_heading text=&#8220;&#8220; font_container=&#8220;tag:h2|font_size:1.8em|text_align:left&#8220; use_theme_fonts=&#8220;yes&#8220; el_class=&#8220;h2-under-title text-color-light [&hellip;]<\/p>\n","protected":false},"author":2,"featured_media":0,"parent":0,"menu_order":0,"comment_status":"closed","ping_status":"closed","template":"","meta":{"footnotes":""},"class_list":["post-742","page","type-page","status-publish","hentry"],"_links":{"self":[{"href":"https:\/\/www.zucchetti.com\/de\/wp-json\/wp\/v2\/pages\/742","targetHints":{"allow":["GET"]}}],"collection":[{"href":"https:\/\/www.zucchetti.com\/de\/wp-json\/wp\/v2\/pages"}],"about":[{"href":"https:\/\/www.zucchetti.com\/de\/wp-json\/wp\/v2\/types\/page"}],"author":[{"embeddable":true,"href":"https:\/\/www.zucchetti.com\/de\/wp-json\/wp\/v2\/users\/2"}],"replies":[{"embeddable":true,"href":"https:\/\/www.zucchetti.com\/de\/wp-json\/wp\/v2\/comments?post=742"}],"version-history":[{"count":1,"href":"https:\/\/www.zucchetti.com\/de\/wp-json\/wp\/v2\/pages\/742\/revisions"}],"predecessor-version":[{"id":7081,"href":"https:\/\/www.zucchetti.com\/de\/wp-json\/wp\/v2\/pages\/742\/revisions\/7081"}],"wp:attachment":[{"href":"https:\/\/www.zucchetti.com\/de\/wp-json\/wp\/v2\/media?parent=742"}],"curies":[{"name":"wp","href":"https:\/\/api.w.org\/{rel}","templated":true}]}}