{"id":7217,"date":"2025-02-03T10:34:29","date_gmt":"2025-02-03T09:34:29","guid":{"rendered":"https:\/\/www.zucchetti.com\/de\/?page_id=7217"},"modified":"2025-12-18T14:24:54","modified_gmt":"2025-12-18T13:24:54","slug":"careers","status":"publish","type":"page","link":"https:\/\/www.zucchetti.com\/de\/careers.html","title":{"rendered":"Karriere"},"content":{"rendered":"<div class=\"wpb-content-wrapper\"><p>[vc_row css=&#8220;.vc_custom_1613981858850{margin-top: 0px !important;margin-bottom: 0px !important;padding-top: 0px !important;padding-bottom: 0px !important;}&#8220; el_class=&#8220;pt-0 pb-0&#8243;][vc_column css=&#8220;.vc_custom_1516984564363{margin-top: 0px !important;}&#8220;][rev_slider_vc alias=&#8220;scheduling-1&#8243;][\/vc_column][\/vc_row][vc_row full_width=&#8220;stretch_row&#8220; css=&#8220;.vc_custom_1613987070089{margin-top: 0px !important;margin-bottom: 0px !important;padding-top: 30px !important;padding-bottom: 30px !important;}&#8220;][vc_column][vc_empty_space][vc_custom_heading text=&#8220;Join the team!&#8220; font_container=&#8220;tag:h2|font_size:35px|text_align:center&#8220; use_theme_fonts=&#8220;yes&#8220; font_weight=&#8220;700&#8243;][vc_custom_heading text=&#8220;Eine Familie mit 9.000 Mitgliedern gibt es nicht? Da scheinst Du uns noch nicht zu kennen! Seit \u00fcber 40 Jahren wachsen wir: wir sind eines der gr\u00f6\u00dften IT-Unternehmen Europas und eines der wenigen, in denen flache Hierarchien und eine offene Unternehmenskultur zur Tagesordnung geh\u00f6ren.&#8220; font_container=&#8220;tag:h4|font_size:22px|text_align:left|color:%231572bc|line_height:26px&#8220; use_theme_fonts=&#8220;yes&#8220; font_weight=&#8220;400&#8243; css=&#8220;.vc_custom_1766064290433{margin-top: 30px !important;margin-bottom: 30px !important;}&#8220; css_params=&#8220;&#8220;][\/vc_column][\/vc_row][vc_row full_width=&#8220;stretch_row&#8220; css=&#8220;.vc_custom_1613987222796{padding-top: 40px !important;padding-bottom: 40px !important;background-color: #f4f4f4 !important;}&#8220;][vc_column][vc_custom_heading text=&#8220;Warum Zucchetti?&#8220; font_container=&#8220;tag:h2|font_size:35px|text_align:center&#8220; use_theme_fonts=&#8220;yes&#8220; font_weight=&#8220;300&#8243;][vc_column_text css=&#8220;.vc_custom_1738576450053{margin-top: 40px !important;margin-bottom: 40px !important;}&#8220; css_params=&#8220;&#8220;]<\/p>\n<p class=\"p1\">Bist du bereit f\u00fcr dein neues Abenteuer? Bei Zucchetti werden wir mit dir dein volles Potenzial erkennen, entwickeln und auf globalem Level in spannenden Projekten einsetzen. In enger Zusammenarbeit mit Kollegen aus dem internationalen Team arbeiten wir an kontinuierlicher Evolution und Innovation unserer Produkte unter anderem aus den Bereichen ERP, POS, HR und PMS.\u00a0<strong>\u00a0#GrowYourCore<\/strong><\/p>\n<p class=\"p1\">Ver\u00e4nderung ist Teil unserer origin\u00e4ren DNA und somit sind wir stetig auf der Suche nach Talenten, die t\u00e4glich bereit sind, diesen Change gemeinsam mit uns aktiv zu gestalten. <strong>#LeadTheChange<\/strong><\/p>\n<p class=\"p1\">In Deutschland befindet sich unser Headquarter im Saarland, in Saarbr\u00fccken.<\/p>\n<p class=\"p1\"><strong>Hire for attitude, train for skills<\/strong>\u00a0ist unser Motto. Hast du das richtige Mindset? Wir ben\u00f6tigen jungen Nachwuchs sowie erfahrene Pioniere!\u00a0<strong>#beZucchetti<\/strong><\/p>\n<p>[\/vc_column_text][vc_column_text]<\/p>\n<p style=\"text-align: center;\"><span style=\"font-size: 26px;\"><strong>Hire for attitude, train for skills<\/strong> ist unser Motto. Hast du das richtige Mindset?<br \/>\nWir ben\u00f6tigen jungen Nachwuchs sowie erfahrene Pioniere! <strong>#beZucchetti<\/strong><\/span><\/p>\n<p>[\/vc_column_text][\/vc_column][\/vc_row][vc_row full_width=&#8220;stretch_row&#8220; css=&#8220;.vc_custom_1614011985859{padding-top: 20px !important;padding-bottom: 40px !important;background-color: #f4f4f4 !important;}&#8220;][vc_column width=&#8220;1\/4&#8243;][vc_row_inner][vc_column_inner width=&#8220;1\/2&#8243;][vc_single_image image=&#8220;5496&#8243; img_size=&#8220;48&#215;48&#8243; alignment=&#8220;center&#8220; css=&#8220;.vc_custom_1614010436080{margin-bottom: 20px !important;}&#8220;][vc_column_text]<\/p>\n<p style=\"text-align: center;\">Aktives Mitgestalten<\/p>\n<p>[\/vc_column_text][\/vc_column_inner][vc_column_inner width=&#8220;1\/2&#8243;][vc_single_image image=&#8220;5490&#8243; img_size=&#8220;48&#215;48&#8243; alignment=&#8220;center&#8220; css=&#8220;.vc_custom_1614010448548{margin-bottom: 20px !important;}&#8220;][vc_column_text]<\/p>\n<p style=\"text-align: center;\">Homeoffice<\/p>\n<p>[\/vc_column_text][\/vc_column_inner][\/vc_row_inner][\/vc_column][vc_column width=&#8220;1\/2&#8243;][vc_row_inner][vc_column_inner width=&#8220;1\/3&#8243;][vc_single_image image=&#8220;5491&#8243; img_size=&#8220;48&#215;48&#8243; alignment=&#8220;center&#8220; css=&#8220;.vc_custom_1614010459136{margin-bottom: 20px !important;}&#8220;][vc_column_text]<\/p>\n<p style=\"text-align: center;\">Flexible Arbeitszeiten<\/p>\n<p>[\/vc_column_text][\/vc_column_inner][vc_column_inner width=&#8220;1\/3&#8243;][vc_single_image image=&#8220;5493&#8243; img_size=&#8220;48&#215;48&#8243; alignment=&#8220;center&#8220; css=&#8220;.vc_custom_1614010469385{margin-bottom: 20px !important;}&#8220;][vc_column_text]<\/p>\n<p style=\"text-align: center;\">Career Framework<\/p>\n<p>[\/vc_column_text][\/vc_column_inner][vc_column_inner width=&#8220;1\/3&#8243;][vc_single_image image=&#8220;5488&#8243; img_size=&#8220;48&#215;48&#8243; alignment=&#8220;center&#8220; css=&#8220;.vc_custom_1614010480348{margin-bottom: 20px !important;}&#8220;][vc_column_text]<\/p>\n<p style=\"text-align: center;\">Learning Path<\/p>\n<p>[\/vc_column_text][\/vc_column_inner][\/vc_row_inner][\/vc_column][vc_column width=&#8220;1\/4&#8243;][vc_row_inner][vc_column_inner width=&#8220;1\/2&#8243;][vc_single_image image=&#8220;5489&#8243; img_size=&#8220;48&#215;48&#8243; alignment=&#8220;center&#8220; css=&#8220;.vc_custom_1614010498420{margin-bottom: 20px !important;}&#8220;][vc_column_text]<\/p>\n<p style=\"text-align: center;\">International Teamwork<\/p>\n<p>[\/vc_column_text][\/vc_column_inner][vc_column_inner width=&#8220;1\/2&#8243;][vc_single_image image=&#8220;5492&#8243; img_size=&#8220;48&#215;48&#8243; alignment=&#8220;center&#8220; css=&#8220;.vc_custom_1614010510238{margin-bottom: 20px !important;}&#8220;][vc_column_text]<\/p>\n<p style=\"text-align: center;\">Corporate Social Responsibility<\/p>\n<p>[\/vc_column_text][\/vc_column_inner][\/vc_row_inner][\/vc_column][\/vc_row][vc_row full_width=&#8220;stretch_row&#8220; css=&#8220;.vc_custom_1614011997896{padding-top: 20px !important;padding-bottom: 40px !important;background-color: #f4f4f4 !important;}&#8220;][vc_column width=&#8220;1\/4&#8243;][vc_row_inner][vc_column_inner width=&#8220;1\/2&#8243;][vc_single_image image=&#8220;5485&#8243; img_size=&#8220;48&#215;48&#8243; alignment=&#8220;center&#8220; css=&#8220;.vc_custom_1614010574492{margin-bottom: 20px !important;}&#8220;][vc_column_text]<\/p>\n<p style=\"text-align: center;\">Kostenfreie Parkpl\u00e4tze<\/p>\n<p>[\/vc_column_text][\/vc_column_inner][vc_column_inner width=&#8220;1\/2&#8243;][vc_single_image image=&#8220;5494&#8243; img_size=&#8220;48&#215;48&#8243; alignment=&#8220;center&#8220; css=&#8220;.vc_custom_1614010613747{margin-bottom: 20px !important;}&#8220;][vc_column_text]<\/p>\n<p style=\"text-align: center;\">Dienstwagenregelung<\/p>\n<p>[\/vc_column_text][\/vc_column_inner][\/vc_row_inner][\/vc_column][vc_column width=&#8220;1\/2&#8243;][vc_row_inner][vc_column_inner width=&#8220;1\/3&#8243;][vc_single_image image=&#8220;5495&#8243; img_size=&#8220;48&#215;48&#8243; alignment=&#8220;center&#8220; css=&#8220;.vc_custom_1614010646947{margin-bottom: 20px !important;}&#8220;][vc_column_text]<\/p>\n<p style=\"text-align: center;\">Jobrad<\/p>\n<p>[\/vc_column_text][\/vc_column_inner][vc_column_inner width=&#8220;1\/3&#8243;][vc_single_image image=&#8220;5487&#8243; img_size=&#8220;48&#215;48&#8243; alignment=&#8220;center&#8220; css=&#8220;.vc_custom_1614010681415{margin-bottom: 20px !important;}&#8220;][vc_column_text]<\/p>\n<p style=\"text-align: center;\">Mitarbeiterrabatte<\/p>\n<p>[\/vc_column_text][\/vc_column_inner][vc_column_inner width=&#8220;1\/3&#8243;][vc_single_image image=&#8220;5486&#8243; img_size=&#8220;48&#215;48&#8243; alignment=&#8220;center&#8220; css=&#8220;.vc_custom_1614010728875{margin-bottom: 20px !important;}&#8220;][vc_column_text]<\/p>\n<p style=\"text-align: center;\">Betriebliche Altersvorsorge<\/p>\n<p>[\/vc_column_text][\/vc_column_inner][\/vc_row_inner][\/vc_column][vc_column width=&#8220;1\/4&#8243;][vc_row_inner][vc_column_inner width=&#8220;1\/2&#8243;][vc_single_image image=&#8220;5484&#8243; img_size=&#8220;48&#215;48&#8243; alignment=&#8220;center&#8220; css=&#8220;.vc_custom_1614010767796{margin-bottom: 20px !important;}&#8220;][vc_column_text]<\/p>\n<p style=\"text-align: center;\">Teambuilding &amp; Events<\/p>\n<p>[\/vc_column_text][\/vc_column_inner][vc_column_inner width=&#8220;1\/2&#8243;][vc_single_image image=&#8220;5483&#8243; img_size=&#8220;48&#215;48&#8243; alignment=&#8220;center&#8220; css=&#8220;.vc_custom_1614010801485{margin-bottom: 20px !important;}&#8220;][vc_column_text]<\/p>\n<p style=\"text-align: center;\">Young Generation Board<\/p>\n<p>[\/vc_column_text][\/vc_column_inner][\/vc_row_inner][\/vc_column][\/vc_row][vc_row full_width=&#8220;stretch_row&#8220; css=&#8220;.vc_custom_1613987070089{margin-top: 0px !important;margin-bottom: 0px !important;padding-top: 30px !important;padding-bottom: 30px !important;}&#8220;][vc_column][vc_custom_heading text=&#8220;#beZucchetti&#8220; font_container=&#8220;tag:h2|font_size:35px|text_align:center&#8220; use_theme_fonts=&#8220;yes&#8220; font_weight=&#8220;700&#8243; css=&#8220;.vc_custom_1614012152692{margin-bottom: 40px !important;}&#8220;][vc_raw_js el_id=&#8220;inrecruiting_announces&#8220;]JTNDc2NyaXB0JTIwdHlwZSUzRCUyMnRleHQlMkZqYXZhc2NyaXB0JTIyJTNFJTBBJTIwJTIwJTIwJTIwaW5SZWNydWl0aW5nJTI4JTIyaW5yZWNydWl0aW5nX2Fubm91bmNlcyUyMiUyOS5pbnJJZnJhbWUlMjglN0IlMEElMjAlMjAlMjAlMjAlMjAlMjAlMjAlMjBmb250RmFtaWx5JTNBJTIwJTIyUG9wcGlucyUyMiUyQyUwQSUyMCUyMCUyMCUyMCUyMCUyMCUyMCUyMGJnQ29sb3IlM0ElMjAlMjJGRkZGRkYlMjIlMkMlMEElMjAlMjAlMjAlMjAlMjAlMjAlMjAlMjBiZ1Jvd1ZhY2FuY3klM0ElMjAlMjJGRkZGRkYlMjIlMkMlMEElMjAlMjAlMjAlMjAlMjAlMjAlMjAlMjBzZXBhcmF0b0NvbG9yJTNBJTIwJTIyRDJEQUU2JTIyJTJDJTBBJTIwJTIwJTIwJTIwJTIwJTIwJTIwJTIwZmlsdGVyQ29sb3IlM0ElMjAlMjIxMzFEMkElMjIlMkMlMEElMjAlMjAlMjAlMjAlMjAlMjAlMjAlMjBmaWx0ZXJBY3RpdmVDb2xvciUzQSUyMCUyMjAwNjliNCUyMiUyQyUwQSUyMCUyMCUyMCUyMCUyMCUyMCUyMCUyMGpvYlRpdGxlQ29sb3IlM0ElMjAlMjIxMzFEMkElMjIlMkMlMEElMjAlMjAlMjAlMjAlMjAlMjAlMjAlMjBqb2JUaXRsZUFjdGl2ZUNvbG9yJTNBJTIwJTIyMDA2OWI0JTIyJTJDJTBBJTIwJTIwJTIwJTIwJTIwJTIwJTIwJTIwam9iRGVzY0NvbG9yJTNBJTIwJTIyNkU3Nzg1JTIyJTJDJTBBJTIwJTIwJTIwJTIwJTIwJTIwJTIwJTIwam9iSW5mb0NvbG9yJTNBJTIwJTIyNkU3Nzg1JTIyJTJDJTBBJTIwJTIwJTIwJTIwJTdEJTI5JTNCJTBBJTNDJTJGc2NyaXB0JTNFJTBB[\/vc_raw_js][\/vc_column][\/vc_row][vc_row full_width=&#8220;stretch_row&#8220; css=&#8220;.vc_custom_1738583630500{padding-top: 50px !important;padding-bottom: 50px !important;background-color: #f4f4f4 !important;}&#8220; conditional_render=&#8220;%5B%7B%22value_role%22%3A%22administrator%22%7D%5D&#8220; css_params=&#8220;&#8220;][vc_column][vc_raw_js el_id=&#8220;offsetHeight&#8220;]JTNDc2NyaXB0JTIwdHlwZSUzRCUyMnRleHQlMkZqYXZhc2NyaXB0JTIyJTNFJTBBJTBBd2luZG93LmFkZEV2ZW50TGlzdGVuZXIlMjglMjdET01Db250ZW50TG9hZGVkJTI3JTJDJTIwZnVuY3Rpb24lMjAlMjglMjklMjAlN0IlMEElMjAlMjB2YXIlMjBjYXJyaWVyZWZvcm0lMjAlM0QlMjBkb2N1bWVudC5nZXRFbGVtZW50QnlJZCUyOCUyMmlucmVjcnVpdGluZ19mb3JtJTIyJTI5JTNCJTBBJTIwJTIwY2FycmllcmVmb3JtLnN0eWxlLmRpc3BsYXklMjAlM0QlMjAlMjdub25lJTI3JTNCJTBBJTIwJTIwY2FycmllcmVmb3JtLnN0eWxlLmhlaWdodCUyMCUzRCUyMCUyNzE3MDBweCUyNyUzQiUwQSUyMCUyMCUwQSU3RCUyOSUwQSUwQWZ1bmN0aW9uJTIwc2hvd0hpZGVGb3JtJTI4JTI5JTIwJTdCJTBBJTIwJTIwdmFyJTIweCUyMCUzRCUyMGRvY3VtZW50LmdldEVsZW1lbnRCeUlkJTI4JTIyaW5yZWNydWl0aW5nX2Zvcm0lMjIlMjklM0IlMEElMjAlMjB2YXIlMjBpZnJhbWUlMjAlM0QlMjB4LmdldEVsZW1lbnRzQnlUYWdOYW1lJTI4JTIyaWZyYW1lJTIyJTI5JTVCMCU1RCUzQiUwQSUyMCUyMGlmJTIwJTI4eC5zdHlsZS5kaXNwbGF5JTIwJTNEJTNEJTNEJTIwJTIybm9uZSUyMiUyOSUyMCU3QiUwQSUyMCUyMCUyMCUyMHguc3R5bGUuZGlzcGxheSUyMCUzRCUyMCUyMmJsb2NrJTIyJTNCJTBBJTIwJTIwJTIwJTIwaWZyYW1lLnN0eWxlLmhlaWdodCUyMCUzRCUyMCUyNzE2MDBweCUyNyUzQiUwQSUyMCUyMCU3RCUyMGVsc2UlMjAlN0IlMEElMjAlMjAlMjAlMjB4LnN0eWxlLmRpc3BsYXklMjAlM0QlMjAlMjJub25lJTIyJTNCJTBBJTIwJTIwJTdEJTBBJTdEJTBBJTNDJTJGc2NyaXB0JTNF[\/vc_raw_js][vc_custom_heading text=&#8220;Wir freuen uns auch \u00fcber Initiativbewerbungen!&#8220; font_container=&#8220;tag:h2|font_size:35px|text_align:center&#8220; use_theme_fonts=&#8220;yes&#8220; font_weight=&#8220;300&#8243; css=&#8220;.vc_custom_1738659495235{padding-bottom: 30px !important;}&#8220; css_params=&#8220;&#8220;][vc_btn title=&#8220;Bewerbung senden&#8220; align=&#8220;center&#8220; skin=&#8220;primary&#8220; custom_onclick=&#8220;true&#8220; css_params=&#8220;&#8220; custom_onclick_code=&#8220;showHideForm();&#8220;][\/vc_column][\/vc_row][vc_row][vc_column][vc_raw_js el_id=&#8220;inrecruiting_form&#8220;]JTNDc2NyaXB0JTIwc3JjJTNEJTIyaHR0cHMlM0ElMkYlMkZ6aW5yZWMuaW50ZXJ2aWV3ZWIuaXQlMkZpbnRlZ3JhdGlvbiUyRnJlZ2lzdGVyX2pzLnBocCUzRmglM0QlMjZ3JTNEODAwJTI2YyUzRDIlMjZmJTNENTAzOCUyNmxhbmclM0RkZSUyNkxBQyUzRHp1Y2NoZXR0aWRhY2glMjIlMjBkZWZlciUyMHR5cGUlM0QlMjJ0ZXh0JTJGamF2YXNjcmlwdCUyMiUzRSUzQyUyRnNjcmlwdCUzRQ==[\/vc_raw_js][\/vc_column][\/vc_row]<\/p>\n<\/div>","protected":false},"excerpt":{"rendered":"<p>[vc_row css=&#8220;.vc_custom_1613981858850{margin-top: 0px !important;margin-bottom: 0px !important;padding-top: 0px !important;padding-bottom: 0px !important;}&#8220; el_class=&#8220;pt-0 pb-0&#8243;][vc_column css=&#8220;.vc_custom_1516984564363{margin-top: 0px !important;}&#8220;][rev_slider_vc alias=&#8220;scheduling-1&#8243;][\/vc_column][\/vc_row][vc_row full_width=&#8220;stretch_row&#8220; css=&#8220;.vc_custom_1613987070089{margin-top: 0px !important;margin-bottom: 0px !important;padding-top: 30px !important;padding-bottom: 30px !important;}&#8220;][vc_column][vc_empty_space][vc_custom_heading text=&#8220;Join the team!&#8220; font_container=&#8220;tag:h2|font_size:35px|text_align:center&#8220; use_theme_fonts=&#8220;yes&#8220; font_weight=&#8220;700&#8243;][vc_custom_heading text=&#8220;Eine Familie mit [&hellip;]<\/p>\n","protected":false},"author":3,"featured_media":0,"parent":0,"menu_order":0,"comment_status":"closed","ping_status":"closed","template":"","meta":{"footnotes":""},"class_list":["post-7217","page","type-page","status-publish","hentry"],"_links":{"self":[{"href":"https:\/\/www.zucchetti.com\/de\/wp-json\/wp\/v2\/pages\/7217","targetHints":{"allow":["GET"]}}],"collection":[{"href":"https:\/\/www.zucchetti.com\/de\/wp-json\/wp\/v2\/pages"}],"about":[{"href":"https:\/\/www.zucchetti.com\/de\/wp-json\/wp\/v2\/types\/page"}],"author":[{"embeddable":true,"href":"https:\/\/www.zucchetti.com\/de\/wp-json\/wp\/v2\/users\/3"}],"replies":[{"embeddable":true,"href":"https:\/\/www.zucchetti.com\/de\/wp-json\/wp\/v2\/comments?post=7217"}],"version-history":[{"count":52,"href":"https:\/\/www.zucchetti.com\/de\/wp-json\/wp\/v2\/pages\/7217\/revisions"}],"predecessor-version":[{"id":7376,"href":"https:\/\/www.zucchetti.com\/de\/wp-json\/wp\/v2\/pages\/7217\/revisions\/7376"}],"wp:attachment":[{"href":"https:\/\/www.zucchetti.com\/de\/wp-json\/wp\/v2\/media?parent=7217"}],"curies":[{"name":"wp","href":"https:\/\/api.w.org\/{rel}","templated":true}]}}