{"id":6591,"date":"2023-01-06T21:46:24","date_gmt":"2023-01-06T20:46:24","guid":{"rendered":"https:\/\/www.zucchetti.com\/de\/?page_id=6591"},"modified":"2026-03-19T17:06:55","modified_gmt":"2026-03-19T16:06:55","slug":"forum","status":"publish","type":"page","link":"https:\/\/www.zucchetti.com\/de\/forum.html","title":{"rendered":"Zucchetti Forum Schweiz"},"content":{"rendered":"<div class=\"wpb-content-wrapper\"><p>[vc_row][vc_column][vc_empty_space height=&#8220;30px&#8220;][vc_empty_space height=&#8220;30px&#8220;][\/vc_column][\/vc_row][vc_row][vc_column width=&#8220;1\/2&#8243;][vc_column_text css=&#8220;&#8220; css_params=&#8220;&#8220;]<\/p>\n<h2><span class=\"TextRun SCXW151959941 BCX2\" lang=\"DE-DE\" xml:lang=\"DE-DE\" data-contrast=\"auto\"><span class=\"NormalTextRun SCXW151959941 BCX2\">Ihr Treffpunkt f\u00fcr Austausch und neue Impulse<\/span><\/span><\/h2>\n<p>[\/vc_column_text][vc_empty_space height=&#8220;30px&#8220;][vc_column_text css=&#8220;&#8220; css_params=&#8220;&#8220;]<span data-contrast=\"auto\">Am <strong data-start=\"202\" data-end=\"223\">2. September 2026<\/strong> bringt das Zucchetti Forum Switzerland erneut Menschen aus <strong>Retail<\/strong> und <strong>Hospitality<\/strong> zusammen.\u00a0Was einst als Plattform f\u00fcr den Einzelhandel begann, ist heute ein etablierter Branchentreff, der den Austausch \u00fcber Unternehmens- und Branchengrenzen hinweg f\u00f6rdert.<\/span><span data-ccp-props=\"{}\">\u00a0<\/span><\/p>\n<p><span data-contrast=\"auto\">F\u00fcr die Teilnehmenden steht vor allem eines im Fokus: <strong>relevante Impulse f\u00fcr die eigene Praxis<\/strong>. Das Forum bietet die M\u00f6glichkeit, aktuelle Entwicklungen besser einzuordnen, Erfahrungen mit anderen Unternehmen zu teilen und neue Perspektiven kennenzulernen. Der pers\u00f6nliche Austausch schafft Raum f\u00fcr Gespr\u00e4che, die im Arbeitsalltag oft zu kurz kommen und liefert konkrete Denkanst\u00f6sse f\u00fcr die eigene Pers\u00f6nlichkeitsentwicklung.<\/span><span data-ccp-props=\"{}\">\u00a0<\/span><\/p>\n<p><span data-contrast=\"auto\">Das diesj\u00e4hrige Motto <\/span><b><span data-contrast=\"auto\">\u00abGrenzen\u00bb<\/span><\/b><span data-contrast=\"auto\"> greift ein Thema auf, das beide Branchen gleichermassen pr\u00e4gt. Grenzen zeigen sich in M\u00e4rkten, in Prozessen, in Technologien, aber auch im Denken und Handeln von Organisationen und Menschen. Gleichzeitig markieren sie oft den Punkt, an dem Ver\u00e4nderung beginnt.<\/span><span data-ccp-props=\"{}\">\u00a0<\/span><\/p>\n<p><span data-contrast=\"auto\">Das Zucchetti Forum schafft den Rahmen, um diese unterschiedlichen Facetten gemeinsam zu beleuchten und neue Ans\u00e4tze f\u00fcr den eigenen Arbeitsalltag mitzunehmen.<\/span><span data-ccp-props=\"{}\">\u00a0<\/span>[\/vc_column_text][vc_empty_space height=&#8220;30px&#8220;][\/vc_column][vc_column width=&#8220;1\/2&#8243;][vc_empty_space height=&#8220;30px&#8220;][vc_column_text css=&#8220;&#8220; css_params=&#8220;&#8220;]<\/p>\n<h3>Einige Impressionen der letzten Jahre&#8230;<\/h3>\n<p>[\/vc_column_text][vc_empty_space height=&#8220;15px&#8220; css_params=&#8220;&#8220;][vc_images_carousel images=&#8220;5765,7184,7187,7189,6137,6437,7190,6043,6431,6432,7183&#8243; img_size=&#8220;medium&#8220; css=&#8220;&#8220; css_params=&#8220;&#8220;][vc_empty_space height=&#8220;30px&#8220;][\/vc_column][\/vc_row][vc_row][vc_column][vc_empty_space height=&#8220;50px&#8220;][vc_empty_space height=&#8220;30px&#8220;][\/vc_column][\/vc_row][vc_row][vc_column width=&#8220;1\/2&#8243;][vc_raw_html css=&#8220;&#8220; css_params=&#8220;&#8220;]JTNDaWZyYW1lJTIwd2lkdGglM0QlMjI1NjAlMjIlMjBoZWlnaHQlM0QlMjIzMTUlMjIlMjBzcmMlM0QlMjJodHRwcyUzQSUyRiUyRnd3dy55b3V0dWJlLmNvbSUyRmVtYmVkJTJGRDFzaU1WSV9zM28lM0ZzaSUzRHFzRi14bXB3SVNpamt0dC0lMjIlMjB0aXRsZSUzRCUyMllvdVR1YmUlMjB2aWRlbyUyMHBsYXllciUyMiUyMGZyYW1lYm9yZGVyJTNEJTIyMCUyMiUyMGFsbG93JTNEJTIyYWNjZWxlcm9tZXRlciUzQiUyMGF1dG9wbGF5JTNCJTIwY2xpcGJvYXJkLXdyaXRlJTNCJTIwZW5jcnlwdGVkLW1lZGlhJTNCJTIwZ3lyb3Njb3BlJTNCJTIwcGljdHVyZS1pbi1waWN0dXJlJTNCJTIwd2ViLXNoYXJlJTIyJTIwcmVmZXJyZXJwb2xpY3klM0QlMjJzdHJpY3Qtb3JpZ2luLXdoZW4tY3Jvc3Mtb3JpZ2luJTIyJTIwYWxsb3dmdWxsc2NyZWVuJTNFJTNDJTJGaWZyYW1lJTNF[\/vc_raw_html][vc_empty_space height=&#8220;20px&#8220;][\/vc_column][vc_column width=&#8220;1\/2&#8243;][vc_column_text css=&#8220;&#8220; css_params=&#8220;&#8220;]<\/p>\n<h2><span class=\"TextRun SCXW63637852 BCX2\" lang=\"DE-DE\" xml:lang=\"DE-DE\" data-contrast=\"auto\"><span class=\"NormalTextRun SCXW63637852 BCX2\">R\u00fcckblick 2025:<br \/>\nTechnologie im Handel richtig einsetzen<\/span><\/span><\/h2>\n<p>[\/vc_column_text][vc_empty_space height=&#8220;20px&#8220;][vc_column_text css=&#8220;&#8220; css_params=&#8220;&#8220;]<span class=\"TextRun SCXW244166862 BCX2\" lang=\"DE-DE\" xml:lang=\"DE-DE\" data-contrast=\"auto\"><span class=\"NormalTextRun SCXW244166862 BCX2\">Im Gespr\u00e4ch mit Willi Breitenmoser, Leiter Informatik bei MIGROS Z\u00fcrich, wurde deutlich, welche Themen den Handel heute bewegen und welche Rolle Technologie dabei spielt. Im Fokus stehen Entwicklungen rund um Digitalisierung, POS-Systeme und <\/span><span class=\"NormalTextRun SpellingErrorV2Themed SCXW244166862 BCX2\">Workforce<\/span><span class=\"NormalTextRun SCXW244166862 BCX2\"> Management sowie die Frage, wie sich diese sinnvoll in den Arbeitsalltag integrieren lassen.<\/span><\/span>[\/vc_column_text][vc_empty_space height=&#8220;30px&#8220;][\/vc_column][\/vc_row][vc_row][vc_column][vc_empty_space height=&#8220;30px&#8220;][vc_empty_space height=&#8220;30px&#8220;][\/vc_column][\/vc_row][vc_row][vc_column width=&#8220;1\/2&#8243;][vc_empty_space height=&#8220;30px&#8220;][vc_column_text css=&#8220;&#8220; css_params=&#8220;&#8220;]<\/p>\n<h2><span class=\"TextRun SCXW30681371 BCX2\" lang=\"DE-DE\" xml:lang=\"DE-DE\" data-contrast=\"auto\"><span class=\"NormalTextRun SCXW30681371 BCX2\">R\u00fcckblick 2025:<br \/>\nK\u00fcnstliche Intelligenz im Fokus<\/span><\/span><\/h2>\n<p>[\/vc_column_text][vc_empty_space height=&#8220;10px&#8220;][vc_column_text css=&#8220;&#8220; css_params=&#8220;&#8220;]<span data-contrast=\"auto\">Die Auswirkungen von K\u00fcnstlicher Intelligenz auf die Arbeitswelt werden zunehmend konkret. Im Austausch mit <span class=\"yt-core-attributed-string yt-core-attributed-string--white-space-pre-wrap\" dir=\"auto\"><span class=\"yt-core-attributed-string--link-inherit-color\" dir=\"auto\">Dr. Jens-Uwe Meyer, Vorstandsvorsitzender der Innolytics AG und des DICIS Instituts<\/span><\/span>, auf dem Zucchetti Forum wurde sichtbar, wie Unternehmen mit diesen Ver\u00e4nderungen umgehen und welche Ans\u00e4tze sich in der Praxis bew\u00e4hren.<\/span><span data-ccp-props=\"{}\">\u00a0<\/span>[\/vc_column_text][vc_empty_space height=&#8220;50px&#8220;][\/vc_column][vc_column width=&#8220;1\/2&#8243;][vc_empty_space][vc_raw_html css=&#8220;&#8220; css_params=&#8220;&#8220;]JTNDaWZyYW1lJTIwd2lkdGglM0QlMjI1NjAlMjIlMjBoZWlnaHQlM0QlMjIzMTUlMjIlMjBzcmMlM0QlMjJodHRwcyUzQSUyRiUyRnd3dy55b3V0dWJlLmNvbSUyRmVtYmVkJTJGVWZ6OGNjSzVvNEUlM0ZzaSUzRGJZSmtKNjhzTjkxbGxiUDMlMjIlMjB0aXRsZSUzRCUyMllvdVR1YmUlMjB2aWRlbyUyMHBsYXllciUyMiUyMGZyYW1lYm9yZGVyJTNEJTIyMCUyMiUyMGFsbG93JTNEJTIyYWNjZWxlcm9tZXRlciUzQiUyMGF1dG9wbGF5JTNCJTIwY2xpcGJvYXJkLXdyaXRlJTNCJTIwZW5jcnlwdGVkLW1lZGlhJTNCJTIwZ3lyb3Njb3BlJTNCJTIwcGljdHVyZS1pbi1waWN0dXJlJTNCJTIwd2ViLXNoYXJlJTIyJTIwcmVmZXJyZXJwb2xpY3klM0QlMjJzdHJpY3Qtb3JpZ2luLXdoZW4tY3Jvc3Mtb3JpZ2luJTIyJTIwYWxsb3dmdWxsc2NyZWVuJTNFJTNDJTJGaWZyYW1lJTNF[\/vc_raw_html][vc_empty_space][\/vc_column][\/vc_row][vc_row][vc_column][vc_empty_space height=&#8220;30px&#8220;][vc_empty_space height=&#8220;30px&#8220;][\/vc_column][\/vc_row][vc_row][vc_column width=&#8220;1\/2&#8243;][vc_raw_html css=&#8220;&#8220; css_params=&#8220;&#8220;]JTNDaWZyYW1lJTIwd2lkdGglM0QlMjI1NjAlMjIlMjBoZWlnaHQlM0QlMjIzMTUlMjIlMjBzcmMlM0QlMjJodHRwcyUzQSUyRiUyRnd3dy55b3V0dWJlLmNvbSUyRmVtYmVkJTJGa056eVd5UjJGc1ElM0ZzaSUzRHNSdGpTaVFWNXF5TnJBUHElMjIlMjB0aXRsZSUzRCUyMllvdVR1YmUlMjB2aWRlbyUyMHBsYXllciUyMiUyMGZyYW1lYm9yZGVyJTNEJTIyMCUyMiUyMGFsbG93JTNEJTIyYWNjZWxlcm9tZXRlciUzQiUyMGF1dG9wbGF5JTNCJTIwY2xpcGJvYXJkLXdyaXRlJTNCJTIwZW5jcnlwdGVkLW1lZGlhJTNCJTIwZ3lyb3Njb3BlJTNCJTIwcGljdHVyZS1pbi1waWN0dXJlJTNCJTIwd2ViLXNoYXJlJTIyJTIwcmVmZXJyZXJwb2xpY3klM0QlMjJzdHJpY3Qtb3JpZ2luLXdoZW4tY3Jvc3Mtb3JpZ2luJTIyJTIwYWxsb3dmdWxsc2NyZWVuJTNFJTNDJTJGaWZyYW1lJTNF[\/vc_raw_html][vc_empty_space height=&#8220;20px&#8220;][\/vc_column][vc_column width=&#8220;1\/2&#8243;][vc_column_text css=&#8220;&#8220; css_params=&#8220;&#8220;]<\/p>\n<h2><span class=\"TextRun SCXW63637852 BCX2\" lang=\"DE-DE\" xml:lang=\"DE-DE\" data-contrast=\"auto\"><span class=\"NormalTextRun SCXW63637852 BCX2\">R\u00fcckblick 2025:<br \/>\n<span class=\"TextRun SCXW106913601 BCX2\" lang=\"DE-DE\" xml:lang=\"DE-DE\" data-contrast=\"auto\"><span class=\"NormalTextRun SCXW106913601 BCX2\">Wenn Geschwindigkeit auf Entscheidungen trifft<\/span><\/span><br \/>\n<\/span><\/span><\/h2>\n<p>[\/vc_column_text][vc_empty_space height=&#8220;20px&#8220;][vc_column_text css=&#8220;&#8220; css_params=&#8220;&#8220;]<span class=\"TextRun SCXW23527361 BCX2\" lang=\"DE-DE\" xml:lang=\"DE-DE\" data-contrast=\"auto\"><span class=\"NormalTextRun SCXW23527361 BCX2\">Beim Zucchetti Forum <\/span><span class=\"NormalTextRun SpellingErrorV2Themed SCXW23527361 BCX2\">Switzerland<\/span><span class=\"NormalTextRun SCXW23527361 BCX2\"> 2025 sprach Nils Frei, Profi-Segler und Keynote Speaker, \u00fcber seine Perspektive auf Geschwindigkeit, Technologie und unternehmerisches Handeln. Im Gespr\u00e4ch wird deutlich, wie eng Leistungsf\u00e4higkeit, Entscheidungsfindung und der Umgang mit Ver\u00e4nderung miteinander verbunden sind.<\/span><\/span>[\/vc_column_text][vc_empty_space height=&#8220;30px&#8220;][\/vc_column][\/vc_row][vc_row][vc_column][vc_empty_space height=&#8220;30px&#8220;][\/vc_column][\/vc_row][vc_row][vc_column][vc_empty_space height=&#8220;30px&#8220;][\/vc_column][\/vc_row][vc_row][vc_column width=&#8220;1\/2&#8243;][vc_column_text css=&#8220;&#8220; css_params=&#8220;&#8220;]<\/p>\n<h2 style=\"text-align: left;\"><span data-teams=\"true\">Wer wird in diesem Jahr Keynote Speaker sein? Dran bleiben, das verraten wir ganz bald<\/span><\/h2>\n<p>[\/vc_column_text][vc_empty_space height=&#8220;30px&#8220;][vc_single_image image=&#8220;7204&#8243; img_size=&#8220;medium&#8220; css=&#8220;&#8220; css_params=&#8220;&#8220;][vc_empty_space height=&#8220;10px&#8220;][\/vc_column][vc_column width=&#8220;1\/2&#8243;][vc_column_text][\/vc_column_text][vc_empty_space height=&#8220;85px&#8220; css_params=&#8220;&#8220;][vc_single_image image=&#8220;7204&#8243; img_size=&#8220;medium&#8220; css=&#8220;&#8220; css_params=&#8220;&#8220;][vc_empty_space height=&#8220;10px&#8220;][vc_empty_space height=&#8220;10px&#8220;][\/vc_column][\/vc_row][vc_row][vc_column][vc_empty_space height=&#8220;50px&#8220;][vc_empty_space height=&#8220;20px&#8220;][vc_column_text css=&#8220;&#8220;]<\/p>\n<p class=\"p1\"><b>Networking, Inspiration und Austausch stehen im Mittelpunkt<\/b><b><\/b><\/p>\n<p class=\"p3\">Von den f\u00fchrenden <b>Retailern<\/b> der Schweiz \u00fcber <b>Einzelunternehmen<\/b>, <b>Einkaufszentren<\/b>, Vertreter bedeutender <b>Spit\u00e4ler<\/b> und <b>Gastronomien<\/b> bis hin zu gro\u00dfen <b>Franchise-Ketten<\/b> \u2013 eine breite Vielfalt an <b>Experten und Professionals<\/b> trifft sich auf unserem Forum!<\/p>\n<p class=\"p3\">Das bew\u00e4hrte Konzept aus <b>Inspiration, Emotion, fachlichem Austausch<\/b> und einem Hauch <b>Sozialkompetenz<\/b> ist ein zentraler Bestandteil unserer Veranstaltung. Jedes Jahr laden wir mit Bedacht ausgew\u00e4hlte <b>Speaker<\/b> ein, die spannende <b>Trends<\/b>, wegweisende <b>Branchenneuigkeiten<\/b> und inspirierende <b>Referate<\/b> pr\u00e4sentieren, die zum Nachdenken anregen und unerem Publikum immer einen Mehrwert mitgeben sollen.<\/p>\n<p class=\"p3\">Unser Forum ist die perfekte Plattform, um sich mit <b>Branchenvertretern, Innovatoren und Kollegen<\/b> auszutauschen \u2013 in einer entspannten, angenehmen Atmosph\u00e4re, die zum Dialog einl\u00e4dt.<\/p>\n<p class=\"p3\">Die Teilnehmerzahl ist bewusst auf<b>\u00a0exklusiv eingeladene G\u00e4ste<\/b> begrenzt, um einen pers\u00f6nlichen und intensiven Austausch zu erm\u00f6glichen.<\/p>\n<p>[\/vc_column_text][vc_empty_space height=&#8220;50px&#8220;][\/vc_column][\/vc_row][vc_row][vc_column][vc_empty_space height=&#8220;20px&#8220;][vc_column_text css=&#8220;&#8220; css_params=&#8220;&#8220;]<\/p>\n<p class=\"p1\"><b>Zucchetti Forum 2026 &#8211; Mit freundlicher Unterst\u00fctzung von<\/b><\/p>\n<p><a href=\"https:\/\/www.zuehlke.com\/de\/branchen\/einzelhandel-konsumgueter\" target=\"_blank\" rel=\"noopener\"><img loading=\"lazy\" decoding=\"async\" class=\"alignnone wp-image-7303\" src=\"https:\/\/www.zucchetti.com\/de\/wp-content\/uploads\/2025\/05\/zuehlke_standard_purple_rgb-300x300.png\" alt=\"Z\u00fchlke Zuehlke Zucchetti Schweiz Zucchetti Forum TCPOS\" width=\"82\" height=\"82\"><\/a>&nbsp; &nbsp; &nbsp; &nbsp; &nbsp; &nbsp; <img loading=\"lazy\" decoding=\"async\" class=\"alignnone wp-image-7401\" src=\"https:\/\/www.zucchetti.com\/de\/wp-content\/uploads\/2026\/03\/Worldline-Mint-Vertical-300x236.png\" alt=\"Worldline Logo \u2013 Anbieter f\u00fcr digitale Zahlungsl\u00f6sungen und Sponsor des Zucchetti Forums Schweiz\" width=\"125\" height=\"99\">&nbsp; &nbsp; &nbsp; &nbsp; &nbsp;<a href=\"https:\/\/partner-tech.eu\/de\/\" target=\"_blank\" rel=\"noopener\"><img loading=\"lazy\" decoding=\"async\" class=\"alignnone wp-image-7304\" src=\"https:\/\/www.zucchetti.com\/de\/wp-content\/uploads\/2025\/05\/Partner-Tech_Logo-300x44.png\" alt=\"Partner Tech Alfred Audrey TCPOS Schweiz Zucchetti Zucchetti Forum\" width=\"136\" height=\"20\"><\/a>&nbsp; &nbsp; &nbsp; &nbsp; &nbsp; &nbsp; &nbsp;<a href=\"https:\/\/topsoft.ch\/\" target=\"_blank\" rel=\"noopener\"><img loading=\"lazy\" decoding=\"async\" class=\"alignnone wp-image-7305\" src=\"https:\/\/www.zucchetti.com\/de\/wp-content\/uploads\/2025\/05\/topsoft-plattform-orange-grau-300x129.png\" alt=\"TopSoft Schweiz Zucchetti TCPOS Zucchetti Forum\" width=\"88\" height=\"38\"><\/a><\/p>\n<p>&nbsp;[\/vc_column_text][vc_empty_space height=&#8220;50px&#8220;][\/vc_column][\/vc_row][vc_row conditional_render=&#8220;%5B%7B%22value_role%22%3A%22administrator%22%7D%5D&#8220;][vc_column width=&#8220;1\/4&#8243;]<div class=\"porto-image-frame  thumb-info-custom\"><div class=\"thumb-info thumb-info-hide-wrapper-bg thumb-info-no-borders thumb-info-box-shadow\"><a href=\"https:\/\/www.zucchetti.com\/de\/news\/forum-2025.html\" title=\"\" target=\"_blank\"><span class=\"thumb-info-wrapper\"><img loading=\"lazy\" decoding=\"async\" alt=\"\" src=\"\/\/www.zucchetti.com\/de\/wp-content\/uploads\/2021\/12\/Fachforum_exterior.jpg\" class=\"img-responsive\" width=\"1280\" height=\"720\"><\/span><\/a><div class=\"thumb-info-caption\"><div class=\"thumb-info-caption-text\"><p><a href=\"https:\/\/www.zucchetti.com\/de\/news\/forum-2025.html\" target=\"_blank\" rel=\"noopener\"><span style=\"font-family: Roboto;\"><span style=\"font-size: 18px; letter-spacing: -0.5px;\"><b>R\u00fcckblick 2025&nbsp;<\/b><\/span><\/span><\/a><\/p>\n<\/div><\/div><\/div><\/div><div class=\"porto-image-frame  thumb-info-custom\"><div class=\"thumb-info thumb-info-hide-wrapper-bg thumb-info-no-borders thumb-info-box-shadow\"><a href=\"https:\/\/www.zucchetti.com\/de\/news\/rueckblick-fachforum-2021.html\" title=\"\" target=\"_self\"><span class=\"thumb-info-wrapper\"><img loading=\"lazy\" decoding=\"async\" alt=\"\" src=\"\/\/www.zucchetti.com\/de\/wp-content\/uploads\/2021\/10\/Fachforum_2021_3574.jpg\" class=\"img-responsive\" width=\"1280\" height=\"720\"><\/span><\/a><div class=\"thumb-info-caption\"><div class=\"thumb-info-caption-text\"><p><a href=\"https:\/\/www.zucchetti.com\/de\/news\/rueckblick-fachforum-2021.html\" target=\"_blank\" rel=\"noopener\"><span class=\"thumb-info-caption-title\">R\u00fcckblick 2021<\/span><\/a><\/p>\n<\/div><\/div><\/div><\/div>[\/vc_column][vc_column width=&#8220;1\/4&#8243;]<div class=\"porto-image-frame  thumb-info-custom\"><div class=\"thumb-info thumb-info-hide-wrapper-bg thumb-info-no-borders thumb-info-box-shadow\"><a href=\"https:\/\/www.zucchetti.com\/de\/news\/forum-2024.html\" title=\"16. Forum Zucchetti \u2013 5. September 2024\" target=\"_blank\"><span class=\"thumb-info-wrapper\"><img loading=\"lazy\" decoding=\"async\" alt=\"\" src=\"\/\/www.zucchetti.com\/de\/wp-content\/uploads\/2024\/12\/1280x720_Beat-Forum-2024_intro.jpg\" class=\"img-responsive\" width=\"1280\" height=\"720\"><\/span><\/a><div class=\"thumb-info-caption\"><div class=\"thumb-info-caption-text\"><p><a href=\"https:\/\/www.zucchetti.com\/de\/news\/forum-2024.html\" target=\"_blank\" rel=\"noopener\"><span class=\"thumb-info-caption-title\">R\u00fcckblick 2024<\/span><\/a><\/p>\n<\/div><\/div><\/div><\/div><div class=\"porto-image-frame  thumb-info-custom\"><div class=\"thumb-info thumb-info-hide-wrapper-bg thumb-info-no-borders thumb-info-box-shadow\"><a href=\"https:\/\/www.zucchetti.com\/de\/wp-content\/uploads\/2023\/02\/R__ckblick_Fachforum_2020_V3-1.pdf\" title=\"\" target=\"_blank\"><span class=\"thumb-info-wrapper\"><img loading=\"lazy\" decoding=\"async\" alt=\"\" src=\"\/\/www.zucchetti.com\/de\/wp-content\/uploads\/2021\/10\/DSC7350.jpg\" class=\"img-responsive\" width=\"1280\" height=\"720\"><\/span><\/a><div class=\"thumb-info-caption\"><div class=\"thumb-info-caption-text\"><p><a href=\"https:\/\/www.zucchetti.com\/de\/wp-content\/uploads\/2023\/02\/R__ckblick_Fachforum_2020_V3-1.pdf\" target=\"_blank\" rel=\"noopener\"><span style=\"font-family: Roboto;\"><span style=\"font-size: 18px; letter-spacing: -0.5px;\"><b>R\u00fcckblick 2020\u00a0<\/b><\/span><\/span><\/a><\/p>\n<\/div><\/div><\/div><\/div>[\/vc_column][vc_column width=&#8220;1\/4&#8243;]<div class=\"porto-image-frame  thumb-info-custom\"><div class=\"thumb-info thumb-info-hide-wrapper-bg thumb-info-no-borders thumb-info-box-shadow\"><a href=\"https:\/\/www.zucchetti.com\/de\/news\/forum-2023.html\" title=\"\" target=\"_blank\"><span class=\"thumb-info-wrapper\"><img loading=\"lazy\" decoding=\"async\" alt=\"Beat Steiner Zucchetti Hospitality &amp; Retail Forum 2023 - Willkommen\" src=\"\/\/www.zucchetti.com\/de\/wp-content\/uploads\/2023\/11\/Beat-Publikum-1.jpg\" class=\"img-responsive\" width=\"1280\" height=\"720\"><\/span><\/a><div class=\"thumb-info-caption\"><div class=\"thumb-info-caption-text\"><p><a href=\"https:\/\/www.zucchetti.com\/de\/news\/forum-2023\" target=\"_blank\" rel=\"noopener\"><span class=\"thumb-info-caption-title\">R\u00fcckblick 2023<\/span><\/a><\/p>\n<\/div><\/div><\/div><\/div>[\/vc_column][vc_column width=&#8220;1\/4&#8243;]<div class=\"porto-image-frame  thumb-info-custom\"><div class=\"thumb-info thumb-info-hide-wrapper-bg thumb-info-no-borders thumb-info-box-shadow\"><a href=\"https:\/\/www.zucchetti.com\/de\/news\/fachforum-2022.html\" title=\"\" target=\"_self\"><span class=\"thumb-info-wrapper\"><img loading=\"lazy\" decoding=\"async\" alt=\"Gruppenfoto Zucchetti Team\" src=\"\/\/www.zucchetti.com\/de\/wp-content\/uploads\/2023\/01\/Gruppenfoto-Zucchetti-3-1.jpg\" class=\"img-responsive\" width=\"1280\" height=\"720\"><\/span><\/a><div class=\"thumb-info-caption\"><div class=\"thumb-info-caption-text\"><p><a href=\"https:\/\/www.zucchetti.com\/de\/news\/fachforum-2022.html\" target=\"_blank\" rel=\"noopener\"><span class=\"thumb-info-caption-title\">R\u00fcckblick 2022<\/span><\/a><\/p>\n<\/div><\/div><\/div><\/div>[\/vc_column][\/vc_row]<\/p>\n<\/div>","protected":false},"excerpt":{"rendered":"<p>[vc_row][vc_column][vc_empty_space height=&#8220;30px&#8220;][vc_empty_space height=&#8220;30px&#8220;][\/vc_column][\/vc_row][vc_row][vc_column width=&#8220;1\/2&#8243;][vc_column_text css=&#8220;&#8220; css_params=&#8220;&#8220;] Ihr Treffpunkt f\u00fcr Austausch und neue Impulse [\/vc_column_text][vc_empty_space height=&#8220;30px&#8220;][vc_column_text css=&#8220;&#8220; css_params=&#8220;&#8220;]Am 2. September 2026 bringt das Zucchetti Forum Switzerland erneut Menschen aus Retail und Hospitality zusammen.\u00a0Was einst als Plattform [&hellip;]<\/p>\n","protected":false},"author":1,"featured_media":0,"parent":0,"menu_order":0,"comment_status":"closed","ping_status":"closed","template":"","meta":{"footnotes":""},"class_list":["post-6591","page","type-page","status-publish","hentry"],"_links":{"self":[{"href":"https:\/\/www.zucchetti.com\/de\/wp-json\/wp\/v2\/pages\/6591","targetHints":{"allow":["GET"]}}],"collection":[{"href":"https:\/\/www.zucchetti.com\/de\/wp-json\/wp\/v2\/pages"}],"about":[{"href":"https:\/\/www.zucchetti.com\/de\/wp-json\/wp\/v2\/types\/page"}],"author":[{"embeddable":true,"href":"https:\/\/www.zucchetti.com\/de\/wp-json\/wp\/v2\/users\/1"}],"replies":[{"embeddable":true,"href":"https:\/\/www.zucchetti.com\/de\/wp-json\/wp\/v2\/comments?post=6591"}],"version-history":[{"count":114,"href":"https:\/\/www.zucchetti.com\/de\/wp-json\/wp\/v2\/pages\/6591\/revisions"}],"predecessor-version":[{"id":7405,"href":"https:\/\/www.zucchetti.com\/de\/wp-json\/wp\/v2\/pages\/6591\/revisions\/7405"}],"wp:attachment":[{"href":"https:\/\/www.zucchetti.com\/de\/wp-json\/wp\/v2\/media?parent=6591"}],"curies":[{"name":"wp","href":"https:\/\/api.w.org\/{rel}","templated":true}]}}