{"id":5604,"date":"2021-03-08T16:37:23","date_gmt":"2021-03-08T15:37:23","guid":{"rendered":"https:\/\/www.zucchetti.com\/de\/\/?page_id=5604"},"modified":"2024-01-25T15:26:21","modified_gmt":"2024-01-25T14:26:21","slug":"privacy-job-applications","status":"publish","type":"page","link":"https:\/\/www.zucchetti.com\/de\/privacy-job-applications.html","title":{"rendered":"Privacy Policy &#8211; Job Applications"},"content":{"rendered":"<div class=\"wpb-content-wrapper\"><p>[vc_row full_width=&#8220;stretch_row&#8220; wrap_container=&#8220;yes&#8220; text_align=&#8220;left&#8220; css=&#8220;.vc_custom_1527675773504{margin-top: 0px !important;margin-right: 0px !important;margin-bottom: 0px !important;margin-left: 0px !important;border-top-width: 0px !important;border-right-width: 0px !important;border-bottom-width: 0px !important;border-left-width: 0px !important;padding-top: 0px !important;padding-right: 0px !important;padding-bottom: 0px !important;padding-left: 0px !important;}&#8220; el_class=&#8220;bg-custom-cookies&#8220;][vc_column][vc_custom_heading text=&#8220;&#8220; font_container=&#8220;tag:h2|font_size:1.8em|text_align:left&#8220; use_theme_fonts=&#8220;yes&#8220; el_class=&#8220;h2-under-title text-color-light under-title&#8220; css=&#8220;.vc_custom_1519747487471{padding-bottom: 20px !important;}&#8220;][vc_empty_space][\/vc_column][\/vc_row][vc_row][vc_column width=&#8220;5\/6&#8243;][vc_column_text]<\/p>\n<p class=\"p3\">Gem\u00e4\u00df den Bestimmungen der EU-Verordnung 2016\/679 (im Folgenden DSGVO) und des schweizerischen Bundesdatenschutzgesetzes informieren wir im Folgenden \u00fcber die Verarbeitung der personenbezogenen Daten, die von dem Betroffenen zur Verf\u00fcgung gestellt wurden, in Bezug auf den Erhalt des beruflichen Lebenslaufs durch die Unternehmen (siehe unten). F\u00fcr die Zwecke dieser Datenschutzerkl\u00e4rung bezeichnet der Ausdruck \u201eDatenschutzgesetz\u201c die Verordnung (EU) 2016\/679 und das Bundesdatenschutzgesetz.<\/p>\n<p>Die Auftragsverarbeiter sind die folgenden Unternehmen:<\/p>\n<ul>\n<li>Zucchetti Austria GmbH, mit Sitz in Lastenstra\u00dfe Nr. 13 &#8211; 8020, Graz &#8211; \u00d6sterreich<\/li>\n<li>Zucchetti Germany GmbH, mit Sitz in Werner-von-Siemens-Allee 4,\u00a0 66115, Saarbr\u00fccken &#8211; Deutschland<\/li>\n<li>Zucchetti Switzerland SA, mit Sitz in Centro San Martino, Via Moree n. 16 &#8211; 6850, Mendrisio &#8211; Schweiz<\/li>\n<\/ul>\n<p>Zucchetti Austria GmbH, Zucchetti Germany GmbH und Zucchetti Switzerland SA werden nachstehend gemeinsam auch<strong> \u201eUnternehmen<\/strong>&#8220; genannt.<\/p>\n<p>Die Unternehmen k\u00f6nnen unter folgenden Kontaktdaten kontaktiert werden:<\/p>\n<ul>\n<li><strong>Zucchetti Austria GmbH <\/strong>&#8211; zaustria.privacy@zucchetti.com<\/li>\n<li><strong><strong>Zucchetti Germany GmbH<\/strong><\/strong> &#8211; zgermany.privacy@zucchetti.com<\/li>\n<li><strong>Zucchetti Switzerland SA<\/strong>&#8211; zswitzerland.privacy@zucchetti.com<\/li>\n<\/ul>\n<p>Die Auftragsverarbeitungsvereinbarung wird auf Anfrage des Betroffenen zur Verf\u00fcgung gestellt, der eine E-Mail an zprivacy.officer@zucchetti.com senden kann.<\/p>\n<p>Der Datenschutzbeauftragte ist f\u00fcr die Unternehmen, die die Benennung vorgenommen haben, Dr. Mario Brocca, Tel. +39 0371\/594.3191, E-Mail: dpo@zucchetti.it; Zertifizierte E-Mail-Adresse: dpogruppozucchetti@gruppozucchetti.it.<\/p>\n<p>Die Datenschutzerkl\u00e4rung wird f\u00fcr folgende Verarbeitungen abgegeben:<\/p>\n<p>* die personenbezogenen Daten werden zum Zwecke der Beurteilung der beruflichen Merkmale des Betroffenen zum Zwecke der Begr\u00fcndung des Arbeitsverh\u00e4ltnisses oder sonstiger Formen der Zusammenarbeit verarbeitet.<\/p>\n<p>* die personenbezogenen Daten werden sowohl elektronisch als auch in Papierform im Rahmen der f\u00fcr die Personalverwaltung zust\u00e4ndigen Unternehmenseinheiten, der Gesch\u00e4ftsleitungseinheiten und der Produktionseinheiten verarbeitet, die das Berufsprofil des Betroffenen interessieren k\u00f6nnte.<\/p>\n<p>* die personenbezogenen Daten des Betroffenen k\u00f6nnen anderen Unternehmen der Zucchetti-Gruppe oder mit dem Unternehmen in Verbindung stehenden Unternehmen sowie Unternehmen mitgeteilt werden, mit denen Partnerschaftsbeziehungen unterhalten werden, um ihr Interesse an dem Berufsprofil des Betroffenen zu beurteilen. In diesem Fall werden die genannten Unternehmen bei Verarbeitungen, die \u00fcber die reine Begr\u00fcndung des Arbeits- oder Mitwirkungsverh\u00e4ltnisses hinausgehen, mit dem Betroffenen Kontakt aufnehmen bzw. ihm das Informationsschreiben zur Verf\u00fcgung stellen und sein Einverst\u00e4ndnis einholen;<\/p>\n<p>* personenbezogene Daten werden f\u00fcr zwei Jahre gespeichert und dann gel\u00f6scht, vorbehaltlich der Begr\u00fcndung des Arbeitsverh\u00e4ltnisses oder der Zusammenarbeit mit den Unternehmen.<\/p>\n<p>F\u00fcr alle Informationen \u00fcber die durchgef\u00fchrten Verarbeitungen und wenn der Betroffene die L\u00f6schung der personenbezogenen Daten in den Unternehmens-Datenbanken beantragen m\u00f6chte, kann er sich unter folgender E-Mail-Adresse an diese wenden:<\/p>\n<ul>\n<li><strong>Zucchetti Austria GmbH <\/strong>&#8211; zaustria.privacy@zucchetti.com<\/li>\n<li><strong>Zucchetti Germany GmbH <\/strong>&#8211; zgermany.privacy@zucchetti.com<\/li>\n<li><strong>Zucchetti Switzerland SA<\/strong>&#8211; zswitzerland.privacy@zucchetti.com<\/li>\n<\/ul>\n<p>Der Betroffene kann sich jederzeit bei der mutma\u00dflich unrechtm\u00e4\u00dfigen Verarbeitung der Daten an die zust\u00e4ndige Aufsichtsbeh\u00f6rde wenden.[\/vc_column_text][vc_empty_space][\/vc_column][vc_column width=&#8220;1\/6&#8243;][vc_btn title=&#8220;Drucken&#8220; style=&#8220;flat&#8220; shape=&#8220;square&#8220; color=&#8220;primary&#8220; skin=&#8220;primary&#8220; custom_onclick=&#8220;true&#8220; custom_onclick_code=&#8220;javascript: window.print();&#8220; el_class=&#8220;no-print&#8220;][\/vc_column][\/vc_row]<\/p>\n<\/div>","protected":false},"excerpt":{"rendered":"<p>[vc_row full_width=&#8220;stretch_row&#8220; wrap_container=&#8220;yes&#8220; text_align=&#8220;left&#8220; css=&#8220;.vc_custom_1527675773504{margin-top: 0px !important;margin-right: 0px !important;margin-bottom: 0px !important;margin-left: 0px !important;border-top-width: 0px !important;border-right-width: 0px !important;border-bottom-width: 0px !important;border-left-width: 0px !important;padding-top: 0px !important;padding-right: 0px !important;padding-bottom: 0px !important;padding-left: 0px !important;}&#8220; el_class=&#8220;bg-custom-cookies&#8220;][vc_column][vc_custom_heading text=&#8220;&#8220; font_container=&#8220;tag:h2|font_size:1.8em|text_align:left&#8220; use_theme_fonts=&#8220;yes&#8220; el_class=&#8220;h2-under-title text-color-light [&hellip;]<\/p>\n","protected":false},"author":9,"featured_media":0,"parent":0,"menu_order":0,"comment_status":"closed","ping_status":"closed","template":"","meta":{"footnotes":""},"class_list":["post-5604","page","type-page","status-publish","hentry"],"_links":{"self":[{"href":"https:\/\/www.zucchetti.com\/de\/wp-json\/wp\/v2\/pages\/5604","targetHints":{"allow":["GET"]}}],"collection":[{"href":"https:\/\/www.zucchetti.com\/de\/wp-json\/wp\/v2\/pages"}],"about":[{"href":"https:\/\/www.zucchetti.com\/de\/wp-json\/wp\/v2\/types\/page"}],"author":[{"embeddable":true,"href":"https:\/\/www.zucchetti.com\/de\/wp-json\/wp\/v2\/users\/9"}],"replies":[{"embeddable":true,"href":"https:\/\/www.zucchetti.com\/de\/wp-json\/wp\/v2\/comments?post=5604"}],"version-history":[{"count":10,"href":"https:\/\/www.zucchetti.com\/de\/wp-json\/wp\/v2\/pages\/5604\/revisions"}],"predecessor-version":[{"id":7086,"href":"https:\/\/www.zucchetti.com\/de\/wp-json\/wp\/v2\/pages\/5604\/revisions\/7086"}],"wp:attachment":[{"href":"https:\/\/www.zucchetti.com\/de\/wp-json\/wp\/v2\/media?parent=5604"}],"curies":[{"name":"wp","href":"https:\/\/api.w.org\/{rel}","templated":true}]}}