{"id":4236,"date":"2019-06-25T11:16:09","date_gmt":"2019-06-25T09:16:09","guid":{"rendered":"https:\/\/www.zucchetti.com\/de\/?page_id=4236"},"modified":"2019-06-25T11:16:09","modified_gmt":"2019-06-25T09:16:09","slug":"informationssicherheitspolitik-der-zucchetti-spa","status":"publish","type":"page","link":"https:\/\/www.zucchetti.com\/de\/informationssicherheitspolitik-der-zucchetti-spa.html","title":{"rendered":"Informationssicherheitspolitik der Zucchetti SpA"},"content":{"rendered":"<div class=\"wpb-content-wrapper\"><p>[vc_row full_width=&#8220;stretch_row&#8220; wrap_container=&#8220;yes&#8220; text_align=&#8220;left&#8220; remove_margin_top=&#8220;yes&#8220; remove_margin_bottom=&#8220;yes&#8220; remove_border=&#8220;yes&#8220; css=&#8220;.vc_custom_1527675773504{margin-top: 0px !important;margin-right: 0px !important;margin-bottom: 0px !important;margin-left: 0px !important;border-top-width: 0px !important;border-right-width: 0px !important;border-bottom-width: 0px !important;border-left-width: 0px !important;padding-top: 0px !important;padding-right: 0px !important;padding-bottom: 0px !important;padding-left: 0px !important;}&#8220; el_class=&#8220;bg-custom-cookies&#8220;][vc_column][vc_custom_heading text=&#8220;&#8220; font_container=&#8220;tag:h2|font_size:1.8em|text_align:left&#8220; use_theme_fonts=&#8220;yes&#8220; el_class=&#8220;h2-under-title text-color-light under-title&#8220; css=&#8220;.vc_custom_1519747487471{padding-bottom: 20px !important;}&#8220;][\/vc_column][\/vc_row][vc_row][vc_column width=&#8220;5\/6&#8243;][vc_column_text]Die Sicherheit und der Schutz von Informationsbest\u00e4nden sind wesentliche Voraussetzung f\u00fcr die Erreichung der Gesch\u00e4ftsziele der Zucchetti SpA.<\/p>\n<p>In Anbetracht dessen sind die Unternehmenst\u00e4tigkeiten stets so durchzuf\u00fchren, dass ein angemessenes Ma\u00df an Verf\u00fcgbarkeit, Integrit\u00e4t und Vertraulichkeit der Informationen durch die Einf\u00fchrung eines formalen \u201eInformation Security Management System&#8220; (ISMS) gew\u00e4hrleistet ist, das im Einklang mit den von den betroffenen Parteien von Zucchetti erwarteten Erfordernissen steht und den geltenden Vorschriften entspricht.<\/p>\n<p>&nbsp;<\/p>\n<p>Insbesondere wird das System angewendet:<\/p>\n<ul>\n<li>bei der digitalen Aufbewahrung von elektronischen Dokumenten, um eine langfristige Aufbewahrung zu gew\u00e4hrleisten;<\/li>\n<li>im Bereich des Rechenzentrums, um bew\u00e4hrte Verfahrensweisen bei der Verwaltung der Systeme und Infrastrukturen zu gew\u00e4hrleisten, die f\u00fcr die Verarbeitung der Kundengesch\u00e4ftsdaten, die zwingenden Vorschriften unterliegen k\u00f6nnen, erforderlich sind;<\/li>\n<li>bei der Erbringung von treuh\u00e4nderischen Dienstleistungen (Zeitstempel, Zertifikate f\u00fcr Abonnementschl\u00fcssel) mit der Funktion einer Zertifizierungsstelle.<\/li>\n<\/ul>\n<p>&nbsp;<\/p>\n<p>Nachstehend werden die allgemeinen Ziele des ISMS aufgelistet, die vom zust\u00e4ndigen Koordinator verfolgt werden:<\/p>\n<ul>\n<li>auf dem Markt seine F\u00e4higkeit nachweisen, fortlaufend sichere Produkte\/Dienstleistungen anzubieten und so die Unternehmensziele zu maximieren;<\/li>\n<li>das Risiko von Verlust und Nichtverf\u00fcgbarkeit von Kundendaten minimieren, durch die Planung und Verwaltung von Aktivit\u00e4ten, die die Kontinuit\u00e4t des Service gew\u00e4hrleisten;<\/li>\n<li>eine geeignete Risikoanalyse durchf\u00fchren, um den Wert der beteiligten Informationsressourcen und des daraus resultierenden Risikos zu bestimmen, anhand einer Bewertung der Schwachstellen und der damit verbundenen Gefahren;<\/li>\n<li>die geltenden Gesetze und Vorschriften, vertraglichen Anforderungen, Unternehmensregeln und -verfahren einhalten;<\/li>\n<li>die Zusammenarbeit, das Verst\u00e4ndnis und die Sensibilisierung f\u00fcr das ISMS durch strategische Lieferanten f\u00f6rdern;<\/li>\n<li>die Grunds\u00e4tze und Kontrollen der ISO\/IEC 27001:2013 oder anderer Regeln\/Richtlinien in Bezug auf die Gesch\u00e4ftst\u00e4tigkeiten des Unternehmens einhalten.<\/li>\n<\/ul>\n<p>&nbsp;<\/p>\n<p>Dar\u00fcber hinaus gibt es auch die spezifischen Ziele des Aufbewahrungssystems:<\/p>\n<ul>\n<li>die Bed\u00fcrfnisse der benannten Gemeinschaft durch eine geeignete Verarbeitung der Informationen (in Bezug auf ihren Wert, die rechtlichen Vorschriften, die Sensibilit\u00e4t und die Kritikalit\u00e4t) erf\u00fcllen;<\/li>\n<li>die Sicherheit der das Aufbewahrungssystem unterst\u00fctzenden Informationssysteme \u00fcberwachen und kontrollieren, um das Restrisiko zu minimieren, die Unternehmenskontinuit\u00e4t zu gew\u00e4hrleisten und die Anforderungen an die Privatsph\u00e4re und den Schutz personenbezogener Daten zu erf\u00fcllen;<\/li>\n<li>die Anweisungen im Sicherheitsplan und im Handbuch f\u00fcr die Aufbewahrung befolgen und umsetzen;<\/li>\n<li>Nachfolgepl\u00e4ne, Notfallpl\u00e4ne, Pl\u00e4ne zur Beauftragung durch Dritte im Falle einer Beendigung des Dienstverh\u00e4ltnisses,<\/li>\n<\/ul>\n<p>deren Verwirklichung in der Verantwortung des Leiters des Aufbewahrungsdienstes liegt, voraussehen und gegebenenfalls umsetzen. Bei der Verfolgung dieser Ziele hat der Leiter des Aufbewahrungsdienstes die Befugnis, in Bezug auf spezifische Fragen zum Aufbewahrungssystem, eine oder mehrere Sicherheitsrichtlinien zu erstellen, wobei er sich verpflichtet, die \u00dcbereinstimmung mit dieser Richtlinie zu gew\u00e4hrleisten.<\/p>\n<p>Um die Umsetzung der Ziele dieser Richtlinie zu erleichtern, wird eine interfunktionale Arbeitsgruppe eingesetzt, die alle T\u00e4tigkeiten verwaltet, die erforderlich sind, um die Informationssicherheit zu gew\u00e4hrleisten.<\/p>\n<p>Zweck der Arbeitsgruppe ist es, die Sicherheit zu f\u00f6rdern, die Ziele zu identifizieren und festzulegen, die f\u00fcr die Schutzma\u00dfnahmen erforderlichen Ressourcen bereitzustellen und verf\u00fcgbar zu halten, das Personal zu schulen und das System regelm\u00e4\u00dfig oder bei wichtigen Anl\u00e4ssen zu pr\u00fcfen.<\/p>\n<p>Die Gruppe benennt aus ihren Mitgliedern eine Person, die f\u00fcr die Koordination des ISMS verantwortlich ist.<\/p>\n<p>Das gesamte Personal ist im Rahmen seiner Verantwortlichkeiten verpflichtet, im ISMS festgestellte Vorf\u00e4lle und Schwachstellen zu melden.<\/p>\n<p>Die gesamte Organisation ist bestrebt, die Umsetzung, Inbetriebnahme und regelm\u00e4\u00dfige \u00dcberpr\u00fcfung des ISMS zu unterst\u00fctzen.<\/p>\n<p>Die Unternehmensleitung verpflichtet sich, die Ziele dieser Richtlinie mit den geeigneten Mitteln und Ressourcen zu verfolgen.<\/p>\n<p>&nbsp;<\/p>\n<p>[\/vc_column_text][\/vc_column][vc_column width=&#8220;1\/6&#8243;][vc_btn title=&#8220;Drucken&#8220; style=&#8220;flat&#8220; shape=&#8220;square&#8220; color=&#8220;primary&#8220; skin=&#8220;primary&#8220; custom_onclick=&#8220;true&#8220; custom_onclick_code=&#8220;javascript: window.print();&#8220; el_class=&#8220;no-print&#8220;][\/vc_column][\/vc_row]<\/p>\n<\/div>","protected":false},"excerpt":{"rendered":"<p>[vc_row full_width=&#8220;stretch_row&#8220; wrap_container=&#8220;yes&#8220; text_align=&#8220;left&#8220; remove_margin_top=&#8220;yes&#8220; remove_margin_bottom=&#8220;yes&#8220; remove_border=&#8220;yes&#8220; css=&#8220;.vc_custom_1527675773504{margin-top: 0px !important;margin-right: 0px !important;margin-bottom: 0px !important;margin-left: 0px !important;border-top-width: 0px !important;border-right-width: 0px !important;border-bottom-width: 0px !important;border-left-width: 0px !important;padding-top: 0px !important;padding-right: 0px !important;padding-bottom: 0px !important;padding-left: 0px !important;}&#8220; el_class=&#8220;bg-custom-cookies&#8220;][vc_column][vc_custom_heading text=&#8220;&#8220; font_container=&#8220;tag:h2|font_size:1.8em|text_align:left&#8220; [&hellip;]<\/p>\n","protected":false},"author":2,"featured_media":0,"parent":0,"menu_order":0,"comment_status":"closed","ping_status":"closed","template":"","meta":{"footnotes":""},"class_list":["post-4236","page","type-page","status-publish","hentry"],"_links":{"self":[{"href":"https:\/\/www.zucchetti.com\/de\/wp-json\/wp\/v2\/pages\/4236","targetHints":{"allow":["GET"]}}],"collection":[{"href":"https:\/\/www.zucchetti.com\/de\/wp-json\/wp\/v2\/pages"}],"about":[{"href":"https:\/\/www.zucchetti.com\/de\/wp-json\/wp\/v2\/types\/page"}],"author":[{"embeddable":true,"href":"https:\/\/www.zucchetti.com\/de\/wp-json\/wp\/v2\/users\/2"}],"replies":[{"embeddable":true,"href":"https:\/\/www.zucchetti.com\/de\/wp-json\/wp\/v2\/comments?post=4236"}],"version-history":[{"count":0,"href":"https:\/\/www.zucchetti.com\/de\/wp-json\/wp\/v2\/pages\/4236\/revisions"}],"wp:attachment":[{"href":"https:\/\/www.zucchetti.com\/de\/wp-json\/wp\/v2\/media?parent=4236"}],"curies":[{"name":"wp","href":"https:\/\/api.w.org\/{rel}","templated":true}]}}