{"id":4234,"date":"2019-06-25T11:11:10","date_gmt":"2019-06-25T09:11:10","guid":{"rendered":"https:\/\/www.zucchetti.com\/de\/?page_id=4234"},"modified":"2019-06-25T11:11:10","modified_gmt":"2019-06-25T09:11:10","slug":"qualitaetspolitik-der-zucchetti-spa","status":"publish","type":"page","link":"https:\/\/www.zucchetti.com\/de\/qualitaetspolitik-der-zucchetti-spa.html","title":{"rendered":"Qualit\u00e4tspolitik der Zucchetti Spa"},"content":{"rendered":"<div class=\"wpb-content-wrapper\"><p>[vc_row full_width=&#8220;stretch_row&#8220; wrap_container=&#8220;yes&#8220; text_align=&#8220;left&#8220; remove_margin_top=&#8220;yes&#8220; remove_margin_bottom=&#8220;yes&#8220; remove_border=&#8220;yes&#8220; css=&#8220;.vc_custom_1527675773504{margin-top: 0px !important;margin-right: 0px !important;margin-bottom: 0px !important;margin-left: 0px !important;border-top-width: 0px !important;border-right-width: 0px !important;border-bottom-width: 0px !important;border-left-width: 0px !important;padding-top: 0px !important;padding-right: 0px !important;padding-bottom: 0px !important;padding-left: 0px !important;}&#8220; el_class=&#8220;bg-custom-cookies&#8220;][vc_column][vc_custom_heading text=&#8220;&#8220; font_container=&#8220;tag:h2|font_size:1.8em|text_align:left&#8220; use_theme_fonts=&#8220;yes&#8220; el_class=&#8220;h2-under-title text-color-light under-title&#8220; css=&#8220;.vc_custom_1519747487471{padding-bottom: 20px !important;}&#8220;][\/vc_column][\/vc_row][vc_row][vc_column width=&#8220;5\/6&#8243;][vc_column_text]<strong>Qualit\u00e4tspolitik Der Zucchetti Spa<\/strong><\/p>\n<p>Zucchetti Spa m\u00f6chte die <strong>h\u00f6chste Kundenzufriedenheit<\/strong>\u00a0erzielen, unter Ber\u00fccksichtigung der Erwartungen und der sowohl expliziten als auch impliziten Anforderungen, die dank der hohen Qualit\u00e4t des Produkt- und Dienstleistungsangebots erreicht werden.<\/p>\n<p>Dieser Zweck wird durch die Einf\u00fchrung des Qualit\u00e4tsmanagementsystems in \u00dcbereinstimmung mit den Anforderungen der DIN EN ISO 9001:2015 erreicht, mit dem Ziel, die kontinuierliche Verbesserung unserer Produkte und Dienstleistungen fortzusetzen.<\/p>\n<p>&nbsp;<\/p>\n<p>Dies bedeutet:<\/p>\n<p><strong>A.\u00a0<\/strong>Die\u00a0<strong>kontinuierliche Verbesserung<\/strong>\u00a0ist durch die Planung und Entwicklung von innovativen und technologisch fortschrittlichen Produkten und Dienstleistungen nach den geltenden Normen zu verfolgen.<\/p>\n<p>Die F\u00e4higkeit zur kontinuierlichen Verbesserung wird durch die \u00dcberpr\u00fcfung der Erreichung der in der Prozesspolitik festgelegten Ziele ermittelt sowie durch die Bewertung des Kosten-Nutzen-Verh\u00e4ltnisses der Entscheidungen, die unter Ber\u00fccksichtigung von Marktsituationen und Kundenerwartungen in \u00dcbereinstimmung mit den strategischen Leitlinien getroffen wurden.<\/p>\n<p><strong>B.\u00a0<\/strong>Der\u00a0<strong>Kunde\u00a0<\/strong>muss stets <strong>in h\u00f6chstem Ma\u00dfe ber\u00fccksichtigt<\/strong> werden, unsere Aufmerksamkeit und unser ganzes Handeln muss auf die Erf\u00fcllung seiner Anforderungen und Bed\u00fcrfnisse ausgerichtet sein, damit seine W\u00fcnsche in Produkte und Dienstleistungen umgesetzt werden k\u00f6nnen, die immer seinen Erwartungen entsprechen.<\/p>\n<p>&nbsp;<\/p>\n<p>Die F\u00e4higkeit, zur Kundenzufriedenheit zu arbeiten, kann anhand parametrischer Werte, die mit den <strong>Qualit\u00e4tszielen der Produktionsprozesse<\/strong>\u00a0verbunden sind, sowie durch die <strong>\u00dcberwachung der Reklamationen oder Beanstandungen, die damit verbundenen Kosten, die Verz\u00f6gerungen<\/strong> bei der Bearbeitung\u00a0von Vertragsanfragen, etc. gemessen werden.<\/p>\n<p>Das Management wird den Wert dieser Indikatoren w\u00e4hrend der \u00dcberpr\u00fcfung des Qualit\u00e4tssystems analysieren und parametrisieren, so dass die <strong>Parameter der Indikatoren relevant, angemessen<\/strong> <strong>und<\/strong> den Marktsituationen und Kundenerwartungen <strong>entsprechend<\/strong> sind.<\/p>\n<p>&nbsp;<\/p>\n<ol>\n<li><strong>Qualit\u00e4t ist eine pers\u00f6nliche Verantwortung und Verpflichtung aller<\/strong>. Es ist <strong>die genaue Pflicht der<\/strong> <strong>Prozessmanager und jedes Mitarbeiters<\/strong> daran zu arbeiten, dass die <strong>Ma\u00dfnahmen und Ziele<\/strong> des Prozesses, die regelm\u00e4\u00dfig im Management Review definiert werden, <strong>systematisch erreicht werde<\/strong>n.<\/li>\n<\/ol>\n<p>&nbsp;<\/p>\n<p>Es wird betont, dass die Ziele zusammen mit denen im Programmdokument \u201e<strong>Ziele der Qualit\u00e4tsverbesserung<\/strong>\u201c genannten nur erreicht werden k\u00f6nnen, wenn alle Mitarbeiter daf\u00fcr eintreten und daf\u00fcr sorgen, dass:<\/p>\n<ul>\n<li>die Einhaltung der Betriebsverfahren und -regeln sichergestellt wird;<\/li>\n<li>die f\u00fcr den Kompetenzbereich festgelegten Qualit\u00e4tsziele erreicht werden;<\/li>\n<li>Ineffizienzen bek\u00e4mpft und Ma\u00dfnahmen zur kontinuierlichen Verbesserung der Prozesse vorgeschlagen werden;<\/li>\n<li>vorbildlich und mit Engagement gearbeitet wird, damit alle an der Verbesserung der Gruppe mitwirken;<\/li>\n<li>eine kooperative Arbeitsumgebung geschaffen wird, die die ausgepr\u00e4gte und implizite Vielfalt jeder Person respektiert.<\/li>\n<\/ul>\n<p>&nbsp;<\/p>\n<p>Der Leiter des Qualit\u00e4tsmanagementsystems, der von der Gesch\u00e4ftsleitung als deren Vertreter benannt ist, muss sicherstellen, dass die angegebenen Leitlinien angewendet werden und das Qualit\u00e4tssystem des Unternehmens erhalten und verbessert wird.<\/p>\n<p>[\/vc_column_text][\/vc_column][vc_column width=&#8220;1\/6&#8243;][vc_btn title=&#8220;Drucken&#8220; style=&#8220;flat&#8220; shape=&#8220;square&#8220; color=&#8220;primary&#8220; skin=&#8220;primary&#8220; custom_onclick=&#8220;true&#8220; custom_onclick_code=&#8220;javascript: window.print();&#8220; el_class=&#8220;no-print&#8220;][\/vc_column][\/vc_row]<\/p>\n<\/div>","protected":false},"excerpt":{"rendered":"<p>[vc_row full_width=&#8220;stretch_row&#8220; wrap_container=&#8220;yes&#8220; text_align=&#8220;left&#8220; remove_margin_top=&#8220;yes&#8220; remove_margin_bottom=&#8220;yes&#8220; remove_border=&#8220;yes&#8220; css=&#8220;.vc_custom_1527675773504{margin-top: 0px !important;margin-right: 0px !important;margin-bottom: 0px !important;margin-left: 0px !important;border-top-width: 0px !important;border-right-width: 0px !important;border-bottom-width: 0px !important;border-left-width: 0px !important;padding-top: 0px !important;padding-right: 0px !important;padding-bottom: 0px !important;padding-left: 0px !important;}&#8220; el_class=&#8220;bg-custom-cookies&#8220;][vc_column][vc_custom_heading text=&#8220;&#8220; font_container=&#8220;tag:h2|font_size:1.8em|text_align:left&#8220; [&hellip;]<\/p>\n","protected":false},"author":2,"featured_media":0,"parent":0,"menu_order":0,"comment_status":"closed","ping_status":"closed","template":"","meta":{"footnotes":""},"class_list":["post-4234","page","type-page","status-publish","hentry"],"_links":{"self":[{"href":"https:\/\/www.zucchetti.com\/de\/wp-json\/wp\/v2\/pages\/4234","targetHints":{"allow":["GET"]}}],"collection":[{"href":"https:\/\/www.zucchetti.com\/de\/wp-json\/wp\/v2\/pages"}],"about":[{"href":"https:\/\/www.zucchetti.com\/de\/wp-json\/wp\/v2\/types\/page"}],"author":[{"embeddable":true,"href":"https:\/\/www.zucchetti.com\/de\/wp-json\/wp\/v2\/users\/2"}],"replies":[{"embeddable":true,"href":"https:\/\/www.zucchetti.com\/de\/wp-json\/wp\/v2\/comments?post=4234"}],"version-history":[{"count":0,"href":"https:\/\/www.zucchetti.com\/de\/wp-json\/wp\/v2\/pages\/4234\/revisions"}],"wp:attachment":[{"href":"https:\/\/www.zucchetti.com\/de\/wp-json\/wp\/v2\/media?parent=4234"}],"curies":[{"name":"wp","href":"https:\/\/api.w.org\/{rel}","templated":true}]}}