{"id":2521,"date":"2018-03-06T15:38:34","date_gmt":"2018-03-06T14:38:34","guid":{"rendered":"https:\/\/www.zucchetti.com\/de\/?page_id=2521"},"modified":"2018-03-06T15:38:34","modified_gmt":"2018-03-06T14:38:34","slug":"zertifikationen","status":"publish","type":"page","link":"https:\/\/www.zucchetti.com\/de\/bezucchetti\/zertifikationen.html","title":{"rendered":"Zertifikationen"},"content":{"rendered":"<div class=\"wpb-content-wrapper\"><p>[vc_row full_width=&#8220;stretch_row&#8220; wrap_container=&#8220;yes&#8220; text_align=&#8220;left&#8220; remove_margin_top=&#8220;yes&#8220; remove_margin_bottom=&#8220;yes&#8220; remove_border=&#8220;yes&#8220; css=&#8220;.vc_custom_1517318451016{margin: 0px !important;border-width: 0px !important;padding: 0px !important;background-color: #0072bc !important;}&#8220;][vc_column][\/vc_column][\/vc_row][vc_row remove_margin_top=&#8220;yes&#8220; remove_margin_bottom=&#8220;yes&#8220; remove_padding_top=&#8220;yes&#8220; remove_border=&#8220;yes&#8220; css=&#8220;.vc_custom_1517318783092{margin-top: 0px !important;padding-top: 0px !important;}&#8220; el_class=&#8220;pt-0&#8243;][vc_column css=&#8220;.vc_custom_1516984564363{margin-top: 0px !important;}&#8220;][rev_slider_vc alias=&#8220;certificazioni&#8220;][\/vc_column][\/vc_row][vc_row css=&#8220;.vc_custom_1519658151212{margin-top: 60px !important;}&#8220;][vc_column width=&#8220;9\/12&#8243;][vc_tabs][vc_tab title=&#8220;BESCHREIBUNG&#8220; tab_id=&#8220;d5fb676a-5266-1053f3-94296401-f995469a-74b5&#8243;][vc_column_text]<\/p>\n<h4><strong>DIGITALE UNTERSCHRIFT UND\u00a0ZEITSTEMPELUNG<\/strong><\/h4>\n<p>[vc_single_image image=&#8220;2639&#8243;]<br \/>\n[vc_empty_space height=&#8220;20px&#8220;]<br \/>\nZucchetti ist seit Oktober 2015 durch AgID akkreditierter Zertifizierer der Ausstellung von qualifizierten Zertifikaten der digitalen Signatur. Laut der neuen Gesetzes eIDAS (EU Gesetz 910\/2014) \u2013 seit dem 1. Juli aktiv \u2013 hat Zucchetti die \u201cQualified Trust Service Provider\u201d Zertifikation f\u00fcr die Dienstleistungen von digitaler Unterschrift und Zeitstempelung erhalten. Die digitalen Unterschriften und Zeitstempelungen von Zucchetti sind in allen europ\u00e4ischen L\u00e4ndern rechtm\u00e4\u00dfig aktiv.<\/p>\n<h4><strong>DIGITALE AUFBEWAHRUNG<\/strong><\/h4>\n<p>[vc_single_image image=&#8220;2639&#8243;]<br \/>\n[vc_empty_space height=&#8220;20px&#8220;]<\/p>\n<p>Zucchetti ist seit Oktober 2015 f\u00fcr den \u201eDigital Conservation Service\u201c von AgID akkreditiert.\u00a0Dar\u00fcber hinaus entspricht das Unternehmen den Anforderungen von Artikel 24 des Gesetzes 910\/2014 eIDAS der europ\u00e4ischen Union, welches am 1\u00b0 Juli 2016 in Kraft getreten ist. \u00a0Au\u00dferdem hat die Produkt Zertifikation f\u00fcr die Dienstleistung von der digitalen Archivierung \u2013 laut der \u201cListe f\u00fcr Erfassung von \u00dcberwachungsaktivit\u00e4ten und der Konformit\u00e4tszertifikation Zeile des 14. April 2017\u201d, welche von AgID erstellt wurde.<\/p>\n<h4><strong>QUALIT\u00c4TSMANAGEMENTSYSTEM<\/strong><\/h4>\n<p>[vc_single_image image=&#8220;2640&#8243; label=&#8220;&#8220;]<br \/>\n[vc_empty_space height=&#8220;20px&#8220;]<\/p>\n<p>Zucchetti hat ein Qualit\u00e4tsmanagementsystem (SGQ) gem\u00e4\u00df ISO 9001:2008 Standard eingef\u00fchrt, um (folgende) Gesch\u00e4ftsziele des Unternehmens zu erreichen:<\/p>\n<ul>\n<li>Gew\u00e4hrleistung einer kontinuierlichen Verbesserung der Kundenzufriedenheit<\/li>\n<li>Optimierung der Ressourcenorganisation und Interaktion zwischen Unternehmensprozessen<\/li>\n<li>Minimierung des Auftretens von Non-Konformit\u00e4t von Produkten und \/ oder Dienstleistungen<\/li>\n<\/ul>\n<p>[vc_empty_space height=&#8220;20px&#8220;]<\/p>\n<h4><strong>SICHERHEIT VON INFORMATIONEN<\/strong><\/h4>\n<p>[vc_single_image image=&#8220;2639&#8243;]<br \/>\n[vc_empty_space height=&#8220;20px&#8220;]<\/p>\n<p>Zucchetti legt besonderen Wert auf den sicheren Umgang mit Informationen und erkennt auch die Notwendigkeit an, ein System des Informationssicherheitsmanagements (SGSI), gem\u00e4\u00df ISO\/IEC 27001:2013, st\u00e4ndig weiterzuentwickeln, zu warten, zu \u00fcberwachen und zu verbessern.<\/p>\n<p>&nbsp;<\/p>\n<h4><strong>SYSTEM ZUR VE<\/strong><strong>RWALTUNG PERSONENBEZOGENER DATEN<\/strong><\/h4>\n<p><img loading=\"lazy\" decoding=\"async\" class=\"wp-image-4169 alignleft\" src=\"https:\/\/www.zucchetti.com\/de\/wp-content\/uploads\/2019\/05\/icona_certificazione_GDPR.png\" alt=\"\" width=\"131\" height=\"131\" \/><\/p>\n<p>&nbsp;<\/p>\n<p>&nbsp;<\/p>\n<p>&nbsp;<\/p>\n<p>&nbsp;<\/p>\n<p>&nbsp;<\/p>\n<p>&nbsp;<\/p>\n<p>Zucchetti hat ein System zur Verwaltung personenbezogener Daten gem\u00e4\u00df der Norm BS 10012:2017 f\u00fcr die Prozesse und Aktivit\u00e4ten der Bereitstellung von vertraulichen Dienstleistungen, der normgerechten digitalen Speicherung, der vom Rechenzentrum erbrachten Dienstleistungen sowie der Softwareentwicklung und -vermarktung eingef\u00fchrt, um den Schutz personenbezogener Daten gem\u00e4\u00df den Anforderungen der<strong> Allgemeinen Datenschutzverordnung<\/strong> (GDPR &#8211; General Data Protection Regulation &#8211; Reg UE 2016\/679) zu gew\u00e4hrleisten, die seit dem 25. Mai 2018 in allen Mitgliedsl\u00e4ndern der Europ\u00e4ischen Union in Kraft ist.<\/p>\n<p>[\/vc_column_text][\/vc_tab][\/vc_tabs][vc_empty_space height=&#8220;50px&#8220;][\/vc_column][vc_column width=&#8220;3\/12&#8243;][\/vc_column][\/vc_row]<\/p>\n<\/div>","protected":false},"excerpt":{"rendered":"<p>[vc_row full_width=&#8220;stretch_row&#8220; wrap_container=&#8220;yes&#8220; text_align=&#8220;left&#8220; remove_margin_top=&#8220;yes&#8220; remove_margin_bottom=&#8220;yes&#8220; remove_border=&#8220;yes&#8220; css=&#8220;.vc_custom_1517318451016{margin: 0px !important;border-width: 0px !important;padding: 0px !important;background-color: #0072bc !important;}&#8220;][vc_column][\/vc_column][\/vc_row][vc_row remove_margin_top=&#8220;yes&#8220; remove_margin_bottom=&#8220;yes&#8220; remove_padding_top=&#8220;yes&#8220; remove_border=&#8220;yes&#8220; css=&#8220;.vc_custom_1517318783092{margin-top: 0px !important;padding-top: 0px !important;}&#8220; el_class=&#8220;pt-0&#8243;][vc_column css=&#8220;.vc_custom_1516984564363{margin-top: 0px !important;}&#8220;][rev_slider_vc alias=&#8220;certificazioni&#8220;][\/vc_column][\/vc_row][vc_row css=&#8220;.vc_custom_1519658151212{margin-top: 60px !important;}&#8220;][vc_column width=&#8220;9\/12&#8243;][vc_tabs][vc_tab title=&#8220;BESCHREIBUNG&#8220; [&hellip;]<\/p>\n","protected":false},"author":2,"featured_media":0,"parent":2495,"menu_order":0,"comment_status":"closed","ping_status":"closed","template":"","meta":{"footnotes":""},"class_list":["post-2521","page","type-page","status-publish","hentry"],"_links":{"self":[{"href":"https:\/\/www.zucchetti.com\/de\/wp-json\/wp\/v2\/pages\/2521","targetHints":{"allow":["GET"]}}],"collection":[{"href":"https:\/\/www.zucchetti.com\/de\/wp-json\/wp\/v2\/pages"}],"about":[{"href":"https:\/\/www.zucchetti.com\/de\/wp-json\/wp\/v2\/types\/page"}],"author":[{"embeddable":true,"href":"https:\/\/www.zucchetti.com\/de\/wp-json\/wp\/v2\/users\/2"}],"replies":[{"embeddable":true,"href":"https:\/\/www.zucchetti.com\/de\/wp-json\/wp\/v2\/comments?post=2521"}],"version-history":[{"count":0,"href":"https:\/\/www.zucchetti.com\/de\/wp-json\/wp\/v2\/pages\/2521\/revisions"}],"up":[{"embeddable":true,"href":"https:\/\/www.zucchetti.com\/de\/wp-json\/wp\/v2\/pages\/2495"}],"wp:attachment":[{"href":"https:\/\/www.zucchetti.com\/de\/wp-json\/wp\/v2\/media?parent=2521"}],"curies":[{"name":"wp","href":"https:\/\/api.w.org\/{rel}","templated":true}]}}