{"id":2517,"date":"2018-03-06T15:30:43","date_gmt":"2018-03-06T14:30:43","guid":{"rendered":"https:\/\/www.zucchetti.com\/de\/?page_id=2517"},"modified":"2018-03-06T15:30:43","modified_gmt":"2018-03-06T14:30:43","slug":"sociale","status":"publish","type":"page","link":"https:\/\/www.zucchetti.com\/de\/bezucchetti\/sociale.html","title":{"rendered":"Soziales"},"content":{"rendered":"<div class=\"wpb-content-wrapper\"><p>[vc_row full_width=&#8220;stretch_row&#8220; wrap_container=&#8220;yes&#8220; text_align=&#8220;left&#8220; remove_margin_top=&#8220;yes&#8220; remove_margin_bottom=&#8220;yes&#8220; remove_border=&#8220;yes&#8220; css=&#8220;.vc_custom_1517318451016{margin: 0px !important;border-width: 0px !important;padding: 0px !important;background-color: #0072bc !important;}&#8220;][vc_column][\/vc_column][\/vc_row][vc_row remove_margin_top=&#8220;yes&#8220; remove_margin_bottom=&#8220;yes&#8220; remove_padding_top=&#8220;yes&#8220; remove_border=&#8220;yes&#8220; css=&#8220;.vc_custom_1517318783092{margin-top: 0px !important;padding-top: 0px !important;}&#8220; el_class=&#8220;pt-0&#8243;][vc_column css=&#8220;.vc_custom_1516984564363{margin-top: 0px !important;}&#8220;][rev_slider_vc alias=&#8220;sociale&#8220;][\/vc_column][\/vc_row][vc_row css=&#8220;.vc_custom_1519658151212{margin-top: 60px !important;}&#8220;][vc_column width=&#8220;9\/12&#8243;][vc_tabs][vc_tab title=&#8220;STIPENDIEN&#8220; tab_id=&#8220;d5fb676a-5266-1053f3-94296401-f995549e-4cf9&#8243;][vc_column_text]<\/p>\n<h4>Meritokratie lohnt sich!<\/h4>\n<p>Das ist der Grundsatz, der dem Engagement der Zucchetti Group zugrunde liegt und der schon viele Jahre den Studienverlauf von besonders engagierten und verdienstvollen Studenten durch diverse Initiativen hindurch unterst\u00fctzt. In diesem Sinne ist Zucchetti einer der Spender\/Sponsoren der <strong>Luigi Bocconi<\/strong> Universit\u00e4t in Mailand und finanziert Studierenden die Stipendien.[\/vc_column_text][\/vc_tab][vc_tab title=&#8220;SPENDEN&#8220; tab_id=&#8220;1489784800316-2-253f3-94296401-f995549e-4cf9&#8243;][vc_column_text]<\/p>\n<h4>Wir arbeiten gut\u2026und tun Gutes!<\/h4>\n<p><strong>Wir lieben es, unsere Arbeit <em>gut zu tun<\/em><\/strong>, indem wir kontinuierlich nach der maximalen Qualit\u00e4t unserer Produkte und Dienstleistungen suchen bzw. auf diese hinarbeiten.<\/p>\n<p><strong>Wir lieben es, <em>Gutes <\/em>zu tun, indem wir auf die Bed\u00fcrfnisse der Leute achten, die weniger Gl\u00fcck haben.<\/strong>\u00a0Eine Achtsamkeit, die wir stetig demonstrieren, dank unseres sozialen Engagements und der Teilnahme an diversen Initiativen: von der Finanzierung von Stipendien f\u00fcr Studenten bis zu Spenden an ONLUS, Gesundheitseinrichtungen, Schulen, etc.[\/vc_column_text][\/vc_tab][vc_tab title=&#8220;AUF DIE UMWELT ACHTEN&#8220; tab_id=&#8220;1491350293177-3-16401-f995549e-4cf9&#8243;][vc_column_text]<\/p>\n<h4>Wir sagen \u201eNEIN\u201c zu jeder Art von Abfall!<\/h4>\n<p>Wir machen Software, die die Verschwendung von Zeit und Geld reduziert und realisieren diese, ohne unn\u00f6tig Energie zu verschwenden und mit besonderem Augenmerk auf Fragen des Klimawandels, indem wir auf folgende Dinge achten:<\/p>\n<ul>\n<li>Identifizierung betrieblicher L\u00f6sungen zur Vermeidung und Reduzierung von Umweltverschmutzung;<\/li>\n<li>Energieeinsparungen f\u00f6rdern;<\/li>\n<li>den Energieverbrauch kontinuierlich \u00fcberwachen;<\/li>\n<li>Die vollst\u00e4ndige Einhaltung der geltenden Umweltvorschriften gew\u00e4hrleisten.<\/li>\n<\/ul>\n<p>Der Zucchetti Tower, eine neue Niederlassung der Zucchetti Group, stellt eine konkrete Demonstration unseres Umweltengagements dar.<\/p>\n<p>[vc_empty_space height=&#8220;20px&#8220;]<br \/>\n[vc_single_image image=&#8220;2664&#8243; img_size=&#8220;full&#8220; alignment=&#8220;center&#8220; label=&#8220;&#8220;]<br \/>\n[vc_empty_space height=&#8220;20px&#8220;]<\/p>\n<p>In der Realisierungsphase haben wir besonderes Augenmerk auf Umweltthematiken und Energieeinsparungen gelegt, indem wir nachhaltige und erneuerbare Energien bevorzugt haben. Der Zucchetti Tower entspricht so den strengen technischen Anforderungen, die f\u00fcr die LEED Zertifikation ben\u00f6tigt werden. (Leadership in Energy and Environmental Design). Dieses Zertifikat ist das verbindlichste und international anerkannteste Zertifikat zur Messung und Zertifizierung der Nachhaltigkeit von Geb\u00e4uden.<\/p>\n<h4><strong>RENOVIERUNG DES HAUPTSITZES<\/strong><\/h4>\n<p>Der Zucchetti Tower entstand aus der Renovierung eines Geb\u00e4udes aus den 70er Jahren. Somit haben wir neue Baustellen, Bauwerke und Betongussteile zum Wohle der Umwelt und des Territoriums vermieden.<\/p>\n<h4><strong>ENERGIE UND ATMOSPH\u00c4RE<br \/>\n<\/strong><\/h4>\n<p>Sie S\u00fcdfassade wurde mit Solarzellen gebaut. Diese wurden vom selben Unternehmen geliefert, welches auch die Solarzellen f\u00fcr die Raumstation produziert hat \u2013 die Solarinstallation hat eine Gesamtleistung von 200 Kw.<\/p>\n<p>Au\u00dferdem nutzt der Tower auch geothermische Energie: Eine W\u00e4rmepumpe von hoher Effizienz verwendet n\u00e4mlich Grundwasserleiter von 13 Grad, um die Erw\u00e4rmung und K\u00fchlung des Geb\u00e4udes zu gew\u00e4hrleisten \u2013 und das Ganze erfolgt auf eine umweltfreundliche und nachhaltige Weise.<\/p>\n<p>Jeder Verbrauch wird bis ins kleinste Detail \u00fcberwacht, dank besonderer von Zucchetti entwickelter Software, um den Energieverbrauch (ZEnergy), die Luftqualit\u00e4t (ZAir) und die korrekte Wartung (ZMaintenance) zu kontrollieren. So sind wir dazu in der Lage, unseren Energieverbrauch genaustens unter Kontrolle zu halten: Das System teilt Ihnen mit, wenn eventuelle Probleme auftreten, um umgehend auf diese reagieren zu k\u00f6nnen.<\/p>\n<h4>\u00a0<strong>WASSERSPARUNG<\/strong><\/h4>\n<p>Ein fortschrittliches und ausgekl\u00fcgeltes System erm\u00f6glicht die Wiederverwendung von Regenwasser und minimiert somit den Wasserverbrauch.<\/p>\n<h4><strong>MATERIALIEN UND RESSOURCEN<\/strong><\/h4>\n<p>Die verwendeten Baumaterialien und Einrichtungsgegenst\u00e4nde sind lokaler Herkunft (im Umkreis von 300km), um durch Transport verursachte Emissionen einzuschr\u00e4nken.<\/p>\n<p>Der Nachhaltigkeit der Produktion, der Haltbarkeit und der simplen Wartung zufolge, wurden die verwendeten Materialien ausgew\u00e4hlt. Diese verf\u00fcgen \u00fcber folgende Eigenschaften:<\/p>\n<p>&#8211;\u00a050% lokale Materialien.<br \/>\n&#8211;\u00a075% wiederverwertbare Materialien.<br \/>\n&#8211;\u00a080% Isolierung des Daches mit erneuerbaren Quellen.<br \/>\n&#8211;\u00a0100% zertifiziertes Holz aus nachhaltigen Quellen (FSC o PEFC).<\/p>\n<h4><strong>QUALIT\u00c4T DER UMGEBUNGEN<\/strong><\/h4>\n<p>Das Wichtigste f\u00fcr uns ist der Komfort und die Sicherheit der Mitarbeiter. Das Geb\u00e4ude ist n\u00e4mlich erdbebensicher und verf\u00fcgt \u00fcber ein optimales Brandschutz- und Zutrittssystem. Dieses verl\u00e4uft um das gesamte Geb\u00e4ude, um Rettungskr\u00e4ften die Arbeit im Notfall zu erleichtern.<\/p>\n<p>Das fortschrittliche Videokonferenzsystem von Zucchetti erm\u00f6glicht dem Tower einfach und immer mit externen Niederlassungen verbunden zu sein. Somit wird der CO2-Verbrauch reduziert.<br \/>\nBereits vor der offiziellen Einweihung hat der Zucchetti Tower zahlreiche Preise und Auszeichnungen sowohl in Italien als auch im Ausland erhalten, darunter:<\/p>\n<p>&#8211; &#8222;Qualit\u00e4t der Baustelle&#8220; 2016.<br \/>\n&#8211; Nominierung f\u00fcr die &#8222;Kopernikus Preis\u201c f\u00fcr das innovativste Projekt Italiens 2016.<br \/>\n&#8211; &#8222;Amerikanischer Architekturpreis&#8220; 2016.<br \/>\n&#8211; Build: &#8220; Sustainable Italian Re-adaption Design&#8220; 2016.<br \/>\n&#8211; Build: &#8222;Best Passive Building Project Italy&#8220; 2016.<br \/>\n&#8211; &#8222;Europ\u00e4ischer Immobilienpreis&#8220; 2015.[\/vc_column_text][\/vc_tab][vc_tab title=&#8220;TELETHON STIFTUNG&#8220; tab_id=&#8220;1520352250037-3-1&#8243;][vc_column_text]<\/p>\n<h4>Wir glauben an die Forschung!<\/h4>\n<p>Wir sind davon \u00fcberzeugt, dass die Forschung die treibende Kraft f\u00fcr den menschlichen und technischen Fortschritt ist. Aus diesem Grund besch\u00e4ftigen wir mehr als 1.000 Personen f\u00fcr die Entwicklung und Innovation unserer L\u00f6sungen.<\/p>\n<p>[vc_empty_space height=&#8220;20px&#8220;]<br \/>\n[vc_single_image image=&#8220;2655&#8243; img_size=&#8220;full&#8220; alignment=&#8220;center&#8220;]<br \/>\n[vc_empty_space height=&#8220;20px&#8220;]<\/p>\n<p>Aus dieser \u00dcberzeugung heraus, wurde 2012 die Zusammenarbeit mit der Telethon-Stiftung ins Leben gerufen. Die Telethon-Stiftung ist eine biomedizinische Wohlt\u00e4tigkeitsorganisation aus Italien, die herausragende wissenschaftliche Forschung zur Behandlung seltener genetischer Krankheiten f\u00f6rdert und finanziert. Wir stehen der Stiftung t\u00e4glich durch diverse Initiativen zur Seite und seit heute tun wir dies noch mehr dank der Realisierung des <strong>ersten Gehaltsabrechnungsprojekts von Zucchetti: Automated Payroll Giving. <\/strong>In den angels\u00e4chsischen L\u00e4ndern bereits weit verbreitet, besteht die Gehaltsabrechnung darin, dass ein einzelner Angestellter direkt von seinem Gehaltsscheck spenden kann, <strong>Zucchetti<\/strong> wobei er unabh\u00e4ngig davon den monatlich oder einmal zu spendenden Betrag ausw\u00e4hlt.<\/p>\n<p>Das automatische\u00a0<strong>Payroll Giving von Zucchetti f\u00fcr Telethon<\/strong>\u00a0bietet<strong> allen Mitarbeitern der Kunden <\/strong>die M\u00f6glichkeit, durch eine neue Funktion, die in unsere Gehaltsabrechnungssoftware eingebettet ist, auf einfache, schnelle und automatische Weise einen Beitrag zur Mission der Stiftung zu leisten.<\/p>\n<p>[vc_empty_space height=&#8220;20px&#8220;]<br \/>\n[vc_single_image image=&#8220;2656&#8243; img_size=&#8220;full&#8220; alignment=&#8220;center&#8220; label=&#8220;&#8220;]<br \/>\n[vc_empty_space height=&#8220;20px&#8220;]<\/p>\n<p><strong>Payroll Giving Zucchetti: eine gro\u00dfe Unterst\u00fctzung f\u00fcr die Telethon-Stiftung, die vielen Kindern mit seltenen genetischen Erkrankungen die Hoffnung und die Chance auf eine bessere Zukunft bietet.<\/strong>[\/vc_column_text][\/vc_tab][\/vc_tabs][vc_empty_space height=&#8220;50px&#8220;][\/vc_column][vc_column width=&#8220;3\/12&#8243;][\/vc_column][\/vc_row]<\/p>\n<\/div>","protected":false},"excerpt":{"rendered":"<p>[vc_row full_width=&#8220;stretch_row&#8220; wrap_container=&#8220;yes&#8220; text_align=&#8220;left&#8220; remove_margin_top=&#8220;yes&#8220; remove_margin_bottom=&#8220;yes&#8220; remove_border=&#8220;yes&#8220; css=&#8220;.vc_custom_1517318451016{margin: 0px !important;border-width: 0px !important;padding: 0px !important;background-color: #0072bc !important;}&#8220;][vc_column][\/vc_column][\/vc_row][vc_row remove_margin_top=&#8220;yes&#8220; remove_margin_bottom=&#8220;yes&#8220; remove_padding_top=&#8220;yes&#8220; remove_border=&#8220;yes&#8220; css=&#8220;.vc_custom_1517318783092{margin-top: 0px !important;padding-top: 0px !important;}&#8220; el_class=&#8220;pt-0&#8243;][vc_column css=&#8220;.vc_custom_1516984564363{margin-top: 0px !important;}&#8220;][rev_slider_vc alias=&#8220;sociale&#8220;][\/vc_column][\/vc_row][vc_row css=&#8220;.vc_custom_1519658151212{margin-top: 60px !important;}&#8220;][vc_column width=&#8220;9\/12&#8243;][vc_tabs][vc_tab title=&#8220;STIPENDIEN&#8220; [&hellip;]<\/p>\n","protected":false},"author":2,"featured_media":0,"parent":2495,"menu_order":0,"comment_status":"closed","ping_status":"closed","template":"","meta":{"footnotes":""},"class_list":["post-2517","page","type-page","status-publish","hentry"],"_links":{"self":[{"href":"https:\/\/www.zucchetti.com\/de\/wp-json\/wp\/v2\/pages\/2517","targetHints":{"allow":["GET"]}}],"collection":[{"href":"https:\/\/www.zucchetti.com\/de\/wp-json\/wp\/v2\/pages"}],"about":[{"href":"https:\/\/www.zucchetti.com\/de\/wp-json\/wp\/v2\/types\/page"}],"author":[{"embeddable":true,"href":"https:\/\/www.zucchetti.com\/de\/wp-json\/wp\/v2\/users\/2"}],"replies":[{"embeddable":true,"href":"https:\/\/www.zucchetti.com\/de\/wp-json\/wp\/v2\/comments?post=2517"}],"version-history":[{"count":0,"href":"https:\/\/www.zucchetti.com\/de\/wp-json\/wp\/v2\/pages\/2517\/revisions"}],"up":[{"embeddable":true,"href":"https:\/\/www.zucchetti.com\/de\/wp-json\/wp\/v2\/pages\/2495"}],"wp:attachment":[{"href":"https:\/\/www.zucchetti.com\/de\/wp-json\/wp\/v2\/media?parent=2517"}],"curies":[{"name":"wp","href":"https:\/\/api.w.org\/{rel}","templated":true}]}}