{"id":2509,"date":"2018-03-06T15:12:26","date_gmt":"2018-03-06T14:12:26","guid":{"rendered":"https:\/\/www.zucchetti.com\/de\/?page_id=2509"},"modified":"2018-03-06T15:12:26","modified_gmt":"2018-03-06T14:12:26","slug":"bildung","status":"publish","type":"page","link":"https:\/\/www.zucchetti.com\/de\/bezucchetti\/bildung.html","title":{"rendered":"Bildung"},"content":{"rendered":"<div class=\"wpb-content-wrapper\"><p>[vc_row full_width=&#8220;stretch_row&#8220; wrap_container=&#8220;yes&#8220; text_align=&#8220;left&#8220; remove_margin_top=&#8220;yes&#8220; remove_margin_bottom=&#8220;yes&#8220; remove_border=&#8220;yes&#8220; css=&#8220;.vc_custom_1517318451016{margin: 0px !important;border-width: 0px !important;padding: 0px !important;background-color: #0072bc !important;}&#8220;][vc_column][vc_custom_heading text=&#8220;Studienf\u00f6rderung und akademische Zusammenarbeit&#8220; font_container=&#8220;tag:h2|font_size:1.8em|text_align:left&#8220; use_theme_fonts=&#8220;yes&#8220; el_class=&#8220;h2-under-title text-color-light under-title&#8220; css=&#8220;.vc_custom_1520938607253{padding-bottom: 20px !important;}&#8220;][\/vc_column][\/vc_row][vc_row remove_margin_top=&#8220;yes&#8220; remove_margin_bottom=&#8220;yes&#8220; remove_padding_top=&#8220;yes&#8220; remove_border=&#8220;yes&#8220; css=&#8220;.vc_custom_1517318783092{margin-top: 0px !important;padding-top: 0px !important;}&#8220; el_class=&#8220;pt-0&#8243;][vc_column css=&#8220;.vc_custom_1516984564363{margin-top: 0px !important;}&#8220;][rev_slider_vc alias=&#8220;istruzione&#8220;][\/vc_column][\/vc_row][vc_row css=&#8220;.vc_custom_1519658151212{margin-top: 60px !important;}&#8220;][vc_column width=&#8220;9\/12&#8243;][vc_tabs][vc_tab title=&#8220;STIPENDIEN&#8220; tab_id=&#8220;d5fb676a-5266-1053f3-94296401-f995c573-4bd5&#8243;][vc_column_text]<\/p>\n<h3>Meritokratie lohnt sich!<\/h3>\n<p>Das ist der Grundsatz, der dem Engagement der Zucchetti Group zugrunde liegt und der schon viele Jahre den Studienverlauf von besonders engagierten und verdienstvollen Studenten durch diverse Initiativen hindurch unterst\u00fctzt. Aus diesem Grund finanziert Zucchetti <strong>Stipendien <\/strong>der besten Studenten unter den Kindern von Mitarbeitern. (In den Fakult\u00e4ten f\u00fcr Informatik, Computertechnik, Management Engineering und IT-gest\u00fctzte technische Institute)<\/p>\n<p>[vc_empty_space height=&#8220;15px&#8220;]<\/p>\n<p>[vc_single_image image=&#8220;2550&#8243; img_size=&#8220;full&#8220; alignment=&#8220;center&#8220; css=&#8220;.vc_custom_1520409316789{margin-top: 15px !important;margin-bottom: 15px !important;}&#8220;]<\/p>\n<p>[vc_empty_space height=&#8220;15px&#8220;]<\/p>\n<p><em>Luca (links), der Sohn unserer Kollegin Mariangela (in der Mitte), mit Cristina Zucchetti (rechts). Er hat sich ein Stipendium f\u00fcr sein Studium verdient. 2015\/2016.<\/em><\/p>\n<p>[vc_empty_space height=&#8220;15px&#8220;]<\/p>\n<p>[vc_single_image image=&#8220;2548&#8243; img_size=&#8220;full&#8220; alignment=&#8220;center&#8220; css=&#8220;.vc_custom_1520409316789{margin-top: 15px !important;margin-bottom: 15px !important;}&#8220;]<\/p>\n<p>[vc_empty_space height=&#8220;15px&#8220;][\/vc_column_text][\/vc_tab][vc_tab title=&#8220;SCHULE UND ARBEIT\/UNTERNEHMEN&#8220; tab_id=&#8220;1489784800316-2-253f3-94296401-f995c573-4bd5&#8243;][vc_column_text]<\/p>\n<h3>Was will ich werden, wenn ich gro\u00df bin?<\/h3>\n<p>\u00dcber die eigene Zukunft zu entscheiden ist nie einfach, besonders, wenn man noch die Schulbank dr\u00fcckt. Deshalb hat sich Zucchetti daf\u00fcr entschieden, aktiv mit dem Projekt \u201c<strong>Abwechslung von Schule und Arbeit\u201d<\/strong> zusammenzuarbeiten, das in der j\u00fcngsten Bildungsreform vorgesehen ist, und \u00f6ffnet damit einigen Studenten der Hochschulen der Region die T\u00fcren mit dieser Form des Praktikums im Unternehmen.<br \/>\nAber das Engagement von Zucchetti h\u00f6rt an dieser Stelle noch nicht auf.<\/p>\n<p>Das Unternehmen beteiligt sich auch an dem \u201e<strong>Traineeship<\/strong>\u201c (zu Deutsch: Ausbildung) Projekt, welches von MIUR und Federmeccanica unterst\u00fctzt wird. Dank der Zusammenarbeit mit INDIRE (Nationales Institut f\u00fcr Dokumentation, Innovation und Bildungsforschung) wurde dieses Projekt ins Leben gerufen. Dieses Projekt sorgt daf\u00fcr, dass Studierende mit der Teilnahme an diesem Projekt ersten Kontakt mit der Arbeitswelt kn\u00fcpfen k\u00f6nnen.<\/p>\n<p>Letztes Jahr experimentierten Studierende des \u201eIstituto Istruzione Superiore\u201c aus Lodi mit dieser neuen Ausbildungsmethode. Es war eine extrem wichtige Erfahrung f\u00fcr die jungen Leute, denn so konnten sie mit einer f\u00fcr sie bisher unbekannten Realit\u00e4t in Ber\u00fchrung treten. Dies geschah durch einen \u201eOn-the-Job\u201c-Ansatz, der darauf basiert, dass Studierende im H\u00f6rsaal aber auch am Arbeitsplatz lernen k\u00f6nnen und sollen.<\/p>\n<p>[vc_empty_space height=&#8220;17px&#8220;]<\/p>\n<p>[vc_single_image image=&#8220;2549&#8243; img_size=&#8220;full&#8220; alignment=&#8220;center&#8220; css=&#8220;.vc_custom_1520409316789{margin-top: 20px !important;margin-bottom: 20px !important;}&#8220;]<\/p>\n<p>[vc_empty_space height=&#8220;20px&#8220;][\/vc_column_text][\/vc_tab][vc_tab title=&#8220;PRAKTIKUM UND ABSCHLUSSARBEIT&#8220; tab_id=&#8220;1491350293177-3-16401-f995c573-4bd5&#8243;][vc_column_text]In junge Leute investieren um die Zukunft zu schaffen: Dies ist einer der Schl\u00fcsselpunkte f\u00fcr Zucchetti und deshalb haben wir schon immer mit Studenten und Absolventen f\u00fcr begleitende und ausbildende Praktika zusammengearbeitet.<\/p>\n<p>Unabh\u00e4ngig davon, ob Sie Ihr Studium abgeschlossen haben oder nicht, bietet Zucchetti Ihnen die M\u00f6glichkeit, wichtige Erfahrungen durch ein Praktikum im Unternehmen zu sammeln.<\/p>\n<p>Vor allem besteht bei Zucchetti kein Interesse daran, die Leute zu verlieren, von denen wir glauben, dass sie einen Mehrwert f\u00fcr unser Unternehmen bedeuten.<\/p>\n<p>Aus diesem Grund wird den Studierenden oftmals ein Ausbildungsvertrag am Ende des Praktikums angeboten. So war es auch bei <strong>Sabrina Salmaso<\/strong>: Sie trat Zucchetti mit einem studiumsbegleitenden Praktikum bei und ist jetzt dabei, ihren ersten Arbeitsvertrag bei Zucchetti im HR-Bereich zu unterzeichnen!<\/p>\n<p>[vc_empty_space height=&#8220;20px&#8220;]<\/p>\n<p><video style=\"display: block; margin-left: auto; margin-right: auto;\" preload=\"metadata\" controls=\"controls\" width=\"508\" height=\"381\"><source src=\"http:\/\/www.zucchetti.it\/website\/dms\/website\/ufficio_stampa\/BeZucchetti\/Video_nuovi_assunti.mp4#t=0.1\" type=\"video\/mp4\" \/>Your browser does not support HTML5 video.<\/video><\/p>\n<p>[vc_empty_space height=&#8220;20px&#8220;]<\/p>\n<p>Neben den Praktika \u00f6ffnen wir bei Zucchetti gerne die T\u00fcr f\u00fcr <strong>Absolventen<\/strong>, die ihre Abschlussarbeit \u00fcber die Gruppe schreiben wollen. So macht es auch\u00a0<strong>Klodjana Balla,<\/strong>\u00a0Studierende an der Universit\u00e0 Cattolica del Sacro Cuore\u201d in Mailand. Sie macht gerade ihren Abschluss an der Fakult\u00e4t f\u00fcr Sprachwissenschaften (speziell: Linguistik-Experte f\u00fcr Unternehmen) und schreibt ihre Abschlussarbeit \u00fcber das <em><strong>Customer Relationship Management: Kundenzufriedenheit und \u2013loyalit\u00e4t bzw. Kundenbindung<\/strong><\/em>.<\/p>\n<p>\u201cIch habe mich daf\u00fcr entschieden, meine Abschlussarbeit \u00fcber das <strong>CRM<\/strong> zu schreiben. Das ist eine Unternehmensphilosophie und eine Gesch\u00e4ftsstrategie, die durch einen integrierten Ansatz Menschen, Technologien, Abteilungen und Verfahren umfasst. Das Unternehmen, in dem ich mein Praktikum absolviere, habe ich basierend auf Kriterien der Innovation und kontinuierlichen Evolution ausgew\u00e4hlt. Aus diesem Grund habe ich die Zucchetti Gruppe ausgesucht, die mir die M\u00f6glichkeit gegeben hat, eine Welt zu erkunden, die ich bis dahin nicht kannte. Sie hat mir gezeigt, wof\u00fcr ich studiere und <strong>dass diese neue Welt vielleicht meine Zukunft sein k\u00f6nnte<\/strong>. Bei Zucchetti habe ich dann gro\u00dfe Bereitschaft und Interesse f\u00fcr meine Arbeit gefunden.\u201d[\/vc_column_text][\/vc_tab][\/vc_tabs][vc_empty_space height=&#8220;50px&#8220;][\/vc_column][vc_column width=&#8220;3\/12&#8243;][\/vc_column][\/vc_row]<\/p>\n<\/div>","protected":false},"excerpt":{"rendered":"<p>[vc_row full_width=&#8220;stretch_row&#8220; wrap_container=&#8220;yes&#8220; text_align=&#8220;left&#8220; remove_margin_top=&#8220;yes&#8220; remove_margin_bottom=&#8220;yes&#8220; remove_border=&#8220;yes&#8220; css=&#8220;.vc_custom_1517318451016{margin: 0px !important;border-width: 0px !important;padding: 0px !important;background-color: #0072bc !important;}&#8220;][vc_column][vc_custom_heading text=&#8220;Studienf\u00f6rderung und akademische Zusammenarbeit&#8220; font_container=&#8220;tag:h2|font_size:1.8em|text_align:left&#8220; use_theme_fonts=&#8220;yes&#8220; el_class=&#8220;h2-under-title text-color-light under-title&#8220; css=&#8220;.vc_custom_1520938607253{padding-bottom: 20px !important;}&#8220;][\/vc_column][\/vc_row][vc_row remove_margin_top=&#8220;yes&#8220; remove_margin_bottom=&#8220;yes&#8220; remove_padding_top=&#8220;yes&#8220; remove_border=&#8220;yes&#8220; css=&#8220;.vc_custom_1517318783092{margin-top: 0px !important;padding-top: [&hellip;]<\/p>\n","protected":false},"author":2,"featured_media":0,"parent":2495,"menu_order":0,"comment_status":"closed","ping_status":"closed","template":"","meta":{"footnotes":""},"class_list":["post-2509","page","type-page","status-publish","hentry"],"_links":{"self":[{"href":"https:\/\/www.zucchetti.com\/de\/wp-json\/wp\/v2\/pages\/2509","targetHints":{"allow":["GET"]}}],"collection":[{"href":"https:\/\/www.zucchetti.com\/de\/wp-json\/wp\/v2\/pages"}],"about":[{"href":"https:\/\/www.zucchetti.com\/de\/wp-json\/wp\/v2\/types\/page"}],"author":[{"embeddable":true,"href":"https:\/\/www.zucchetti.com\/de\/wp-json\/wp\/v2\/users\/2"}],"replies":[{"embeddable":true,"href":"https:\/\/www.zucchetti.com\/de\/wp-json\/wp\/v2\/comments?post=2509"}],"version-history":[{"count":0,"href":"https:\/\/www.zucchetti.com\/de\/wp-json\/wp\/v2\/pages\/2509\/revisions"}],"up":[{"embeddable":true,"href":"https:\/\/www.zucchetti.com\/de\/wp-json\/wp\/v2\/pages\/2495"}],"wp:attachment":[{"href":"https:\/\/www.zucchetti.com\/de\/wp-json\/wp\/v2\/media?parent=2509"}],"curies":[{"name":"wp","href":"https:\/\/api.w.org\/{rel}","templated":true}]}}