{"id":1197,"date":"2017-04-17T23:48:53","date_gmt":"2017-04-17T21:48:53","guid":{"rendered":"https:\/\/www.zucchetti.com\/de\/?page_id=1197"},"modified":"2025-12-18T15:19:58","modified_gmt":"2025-12-18T14:19:58","slug":"veranstaltungen","status":"publish","type":"page","link":"https:\/\/www.zucchetti.com\/de\/veranstaltungen.html","title":{"rendered":"Veranstaltungen"},"content":{"rendered":"<div class=\"wpb-content-wrapper\"><p>[vc_row][vc_column width=&#8220;9\/12&#8243;][vc_empty_space height=&#8220;50px&#8220;][vc_custom_heading text=&#8220;KALENDER&#8220; use_theme_fonts=&#8220;yes&#8220; text_transform=&#8220;text-uppercase&#8220; css=&#8220;.vc_custom_1492467725001{margin-bottom: 30px !important;}&#8220;][vc_column_text]Zucchetti ist ein global agierendes Unternehmen mit mehr als 8.000 Mitarbeitern.<br \/>\nJedes Jahr sind wir auf den wichtigsten Messen und Veranstaltungen der Branchen, in denen wir auf der ganzen Welt agieren, vertreten.<br \/>\nUns ist Austausch immer wichtig. Ob mit Partnern, Kunden, Kollegen, oder Interessenten.<\/p>\n<p>&nbsp;<\/p>\n<p>Daher besuchen und veranstalten wir:<\/p>\n<ul type=\"disc\">\n<li><strong>Konferenzen, Tagungen und Networking-Events <\/strong>zur Pr\u00e4sentation unserer L\u00f6sungen und Neuheiten<\/li>\n<li><strong>Initiativen und Events <\/strong>in gemeinsamer Organisation mit anderen Unternehmen der Zucchetti-Gruppe<\/li>\n<li>Internationale und lokale\u00a0<strong>Messen und Ausstellungen<\/strong><\/li>\n<li><strong>Meetings und Networking<\/strong>\u00a0mit Partnerunternehmen<\/li>\n<li><strong>Pr\u00e4sentationen und Treffen <\/strong>an Schulen und Universit\u00e4ten<\/li>\n<\/ul>\n<p>&#8230; und vieles mehr! Wir freuen uns, Sie hoffentlich auf dem ein oder anderen Event zu treffen!<\/p>\n<p>[\/vc_column_text][vc_empty_space height=&#8220;25px&#8220;]<div class=\"porto-toggles wpb_content_element  toggle-primary\">[vc_toggle title=&#8220;EuroShop 2026&#8243; css=&#8220;&#8220; css_params=&#8220;&#8220;]<img loading=\"lazy\" decoding=\"async\" class=\"wp-image-7361 size-full alignleft\" src=\"https:\/\/www.zucchetti.com\/de\/wp-content\/uploads\/2025\/12\/euroshop-2026.png\" alt=\"\" width=\"257\" height=\"194\" \/><\/p>\n<p><strong>Wann<\/strong>: 22.-26.02.2026<br \/>\n<strong>Wo<\/strong>: D\u00fcsseldorf, DE<\/p>\n<p data-start=\"287\" data-end=\"461\">Besuchen Sie Zucchetti auf der <a href=\"https:\/\/www.euroshop-tradefair.com\/\" target=\"_blank\" rel=\"noopener\"><strong>EuroShop 2026<\/strong><\/a> in D\u00fcsseldorf und entdecken Sie innovative POS- und Payment-L\u00f6sungen, die das Einkaufserlebnis im Handel nachhaltig verbessern.<\/p>\n<p data-start=\"463\" data-end=\"826\">Als f\u00fchrende europ\u00e4ische Leitmesse f\u00fcr den Einzelhandel bringt die EuroShop Branchenf\u00fchrer, Innovatoren und Entscheider zusammen und bietet den idealen Rahmen f\u00fcr neue Partnerschaften und Investitionen. Besuchen Sie uns in <strong data-start=\"686\" data-end=\"708\">Halle 6, Stand E41<\/strong>, und erleben Sie aus erster Hand, wie unsere L\u00f6sungen den Handel effizienter, vernetzter und zukunftssicher machen.<\/p>\n<p><strong data-start=\"828\" data-end=\"851\">Jetzt registrieren:<\/strong> Weitere Informationen und Anmeldung unter <strong><a href=\"https:\/\/market.zucchetti.com\/EuroShop-2026\" data-cmp-ab=\"2\">https:\/\/market.zucchetti.com\/EuroShop-2026.<\/a><\/strong>[\/vc_toggle]<\/div><div class=\"porto-toggles wpb_content_element  toggle-primary\">[vc_toggle title=&#8220;Internorga 2026&#8243; css=&#8220;&#8220; css_params=&#8220;&#8220;]<img loading=\"lazy\" decoding=\"async\" class=\"wp-image-7381 size-full alignleft\" src=\"https:\/\/www.zucchetti.com\/de\/wp-content\/uploads\/2025\/12\/internorga-2026.png\" alt=\"Zucchetti Gastwelt auf der Internorga 2026 in Hamburg, Halle A3, Stand 501\" width=\"257\" height=\"194\" \/><\/p>\n<p><strong>Wann<\/strong>: 13.-17.03.2026<br \/>\n<strong>Wo<\/strong>: Hamburg, DE<\/p>\n<p>Besuchen Sie Zucchetti vom 13.\u201317. M\u00e4rz 2026 auf der <strong><a href=\"https:\/\/www.internorga.com\/\" target=\"_blank\" rel=\"noopener\" data-cmp-ab=\"2\">Internorga 2026<\/a> <\/strong>in <strong>Hamburg, Halle A3, Stand 501<\/strong>. Erleben Sie digitale L\u00f6sungen f\u00fcr Gastronomie und Hotellerie, die Prozesse vereinfachen, den Service verbessern und Kosten reduzieren. In der Zucchetti Gastwelt zeigen wir gemeinsam mit <a href=\"https:\/\/ready2order.com\" target=\"_blank\" rel=\"noopener\" data-cmp-ab=\"2\"><strong>Ready2Order<\/strong><\/a> und <a href=\"https:\/\/www.easybooking.eu\/\" target=\"_blank\" rel=\"noopener\" data-cmp-ab=\"2\"><strong>Easybooking<\/strong><\/a> praxisnahe Technologien f\u00fcr Betriebe jeder Gr\u00f6\u00dfe, von der Einzelgastronomie bis zur Systemgastronomie und Hotellerie.<\/p>\n<p>Jetzt pers\u00f6nlichen Gespr\u00e4chstermin sichern und kostenloses Messeticket anfordern.<\/p>\n<p><a href=\"https:\/\/market.zucchetti.com\/internorga-2026\" target=\"_blank\" rel=\"noopener\" data-cmp-ab=\"2\"><strong>https:\/\/market.zucchetti.com\/internorga-2026.<\/strong><\/a>[\/vc_toggle]<\/div><div class=\"porto-toggles wpb_content_element  toggle-primary\">[vc_toggle title=&#8220;Zucchetti Forum Germany 2026&#8243; css=&#8220;&#8220; css_params=&#8220;&#8220;]<img loading=\"lazy\" decoding=\"async\" class=\"wp-image-7364 size-full alignleft\" src=\"https:\/\/www.zucchetti.com\/de\/wp-content\/uploads\/2025\/12\/zucchetti-forum-germany-2026.jpg\" alt=\"Zucchetti Forum Germany 2026 am 21. Mai 2026 in Saarbr\u00fccken\" width=\"257\" height=\"194\" \/><\/p>\n<p><strong>Wann<\/strong>: 21. Mai 2026,<br \/>\n<strong>Wo<\/strong>: Saarbr\u00fccken, DE<\/p>\n<p>Treffen Sie Zucchetti beim <strong>Zucchetti Forum Germany 2026<\/strong> am <strong>21. Mai 2026<\/strong> in Saarbr\u00fccken und erhalten Sie neue Impulse zu F\u00fchrung, Wandel und unternehmerischen Entscheidungen.<\/p>\n<p>Das Zucchetti Forum bringt Pers\u00f6nlichkeiten aus Wirtschaft, Sport und Wissenschaft mit Entscheiderinnen und Entscheidern zusammen. Die Keynotes von Andreas Waschburger, <strong>Prof. Dr. Klemens Skibicki<\/strong> und <strong>Dr. Markus Merk<\/strong> liefern praxisnahe Perspektiven und konkrete Denkanst\u00f6\u00dfe.<\/p>\n<p>Das Forum findet in der <strong>Business Lounge des Ludwigsparkstadions<\/strong> statt und bietet Raum f\u00fcr pers\u00f6nlichen Austausch und fachliche Gespr\u00e4che.[\/vc_toggle]<\/div><div class=\"porto-toggles wpb_content_element  toggle-primary\">[vc_toggle title=&#8220;Zucchetti Forum Switzerland 2026&#8243; css=&#8220;&#8220; css_params=&#8220;&#8220;]<strong><img loading=\"lazy\" decoding=\"async\" class=\"wp-image-7365 size-full alignleft\" src=\"https:\/\/www.zucchetti.com\/de\/wp-content\/uploads\/2025\/12\/zucchetti-forum-switzerland-2026.jpg\" alt=\"\" width=\"257\" height=\"194\" \/><\/strong><\/p>\n<p><strong>Wann<\/strong>: 02. Sep 2026<br \/>\n<strong>Wo<\/strong>: Reitnau, CH<\/p>\n<p>Treffen Sie Zucchetti beim <strong>Zucchetti Forum Switzerland 2026<\/strong> am <strong>2. September 2026<\/strong> im Wirtschaftsclub <strong>Widenmoos in Reitnau<\/strong> und gewinnen Sie Einblicke in aktuelle Entwicklungen an der Schnittstelle von Retail, Hospitality und Technologie.<\/p>\n<p>Seit fast zwei Jahrzehnten bringt das Zucchetti Forum in der Schweiz Entscheider:innen aus Retail und Gastronomie zusammen. Im Mittelpunkt stehen Themen aus beiden Branchen sowie der fachliche Austausch in einem pers\u00f6nlichen und partnerschaftlichen Rahmen. Die Veranstaltung bietet Raum f\u00fcr Gespr\u00e4che, neue Impulse und nachhaltiges Networking.<\/p>\n<p><strong><a href=\"https:\/\/www.zucchetti.com\/de\/forum.html\" target=\"_blank\" rel=\"noopener\">Mehr Erfahren\u00a0<\/a><\/strong>[\/vc_toggle]<\/div>[vc_empty_space][\/vc_column][vc_column width=&#8220;2\/12&#8243;][vc_empty_space height=&#8220;50px&#8220;]<div class=\"uavc-list-icon uavc-list-icon-wrapper ult-adjust-bottom-margin   \"><ul class=\"uavc-list\"><li><div class=\"uavc-list-content\" id=\"list-icon-wrap-6423\">\n<div class=\"uavc-list-icon  \" data-animation=\"\" data-animation-delay=\"03\" style=\"margin-right:16px;\"><div class=\"ult-just-icon-wrapper  \"><div class=\"align-icon\" style=\"text-align:center;\">\n<div class=\"aio-icon none \"  style=\"color:#333333;font-size:16px;display:inline-block;\">\n\t<i class=\"none\"><\/i>\n<\/div><\/div><\/div>\n<\/div><span  data-ultimate-target='#list-icon-wrap-6423 .uavc-list-desc'  data-responsive-json-new='{\"font-size\":\"\",\"line-height\":\"\"}'  class=\"uavc-list-desc ult-responsive\" style=\"\"><\/span><\/div><\/li><\/ul><\/div>[\/vc_column][\/vc_row]<\/p>\n<\/div>","protected":false},"excerpt":{"rendered":"<p>[vc_row][vc_column width=&#8220;9\/12&#8243;][vc_empty_space height=&#8220;50px&#8220;][vc_custom_heading text=&#8220;KALENDER&#8220; use_theme_fonts=&#8220;yes&#8220; text_transform=&#8220;text-uppercase&#8220; css=&#8220;.vc_custom_1492467725001{margin-bottom: 30px !important;}&#8220;][vc_column_text]Zucchetti ist ein global agierendes Unternehmen mit mehr als 8.000 Mitarbeitern. Jedes Jahr sind wir auf den wichtigsten Messen und Veranstaltungen der Branchen, in denen wir auf [&hellip;]<\/p>\n","protected":false},"author":2,"featured_media":0,"parent":0,"menu_order":0,"comment_status":"closed","ping_status":"closed","template":"","meta":{"footnotes":""},"class_list":["post-1197","page","type-page","status-publish","hentry"],"_links":{"self":[{"href":"https:\/\/www.zucchetti.com\/de\/wp-json\/wp\/v2\/pages\/1197","targetHints":{"allow":["GET"]}}],"collection":[{"href":"https:\/\/www.zucchetti.com\/de\/wp-json\/wp\/v2\/pages"}],"about":[{"href":"https:\/\/www.zucchetti.com\/de\/wp-json\/wp\/v2\/types\/page"}],"author":[{"embeddable":true,"href":"https:\/\/www.zucchetti.com\/de\/wp-json\/wp\/v2\/users\/2"}],"replies":[{"embeddable":true,"href":"https:\/\/www.zucchetti.com\/de\/wp-json\/wp\/v2\/comments?post=1197"}],"version-history":[{"count":62,"href":"https:\/\/www.zucchetti.com\/de\/wp-json\/wp\/v2\/pages\/1197\/revisions"}],"predecessor-version":[{"id":7384,"href":"https:\/\/www.zucchetti.com\/de\/wp-json\/wp\/v2\/pages\/1197\/revisions\/7384"}],"wp:attachment":[{"href":"https:\/\/www.zucchetti.com\/de\/wp-json\/wp\/v2\/media?parent=1197"}],"curies":[{"name":"wp","href":"https:\/\/api.w.org\/{rel}","templated":true}]}}