{"id":1168,"date":"2017-04-17T21:57:18","date_gmt":"2017-04-17T19:57:18","guid":{"rendered":"https:\/\/www.zucchetti.com\/de\/?page_id=1168"},"modified":"2020-11-04T10:49:45","modified_gmt":"2020-11-04T09:49:45","slug":"vertriebsnetzwerk","status":"publish","type":"page","link":"https:\/\/www.zucchetti.com\/de\/vertriebsnetzwerk.html","title":{"rendered":"Vertriebsnetzwerk"},"content":{"rendered":"<div class=\"wpb-content-wrapper\"><p>[vc_row][vc_column width=&#8220;2\/3&#8243;][vc_empty_space height=&#8220;50px&#8220;][vc_custom_heading text=&#8220;<strong>Unsere<\/strong> Partner&#8220; use_theme_fonts=&#8220;yes&#8220;][vc_empty_space][vc_column_text css=&#8220;.vc_custom_1520323083884{margin-bottom: 50px !important;}&#8220;]<strong><em>Zucchetti Partner \u2013 das Geheimnis unseres Erfolgs<\/em><\/strong><\/p>\n<p>Jeder unserer Partner hat bereits zu einem gemeinsamen Erfolg beigetragen und arbeitet weiterhin mit uns auf diesen hin. Wir wissen die wertvolle und wichtige Rolle, die sie bei unserem Erfolg spielen, zu sch\u00e4tzen. Aus diesem Grund ist es notwendig, dass unseren Partnern alle Informationen, Support und Werkzeuge, stets zur Verf\u00fcgung stehen. Diese werden ben\u00f6tigt, um deren \u2013 und auch unsere \u2013 \u201eBusiness-Activities\u201c erfolgreich auszuf\u00fchren.<\/p>\n<p>Eine Partnerschaft mit Zucchetti er\u00f6ffnet eine Reihe an Vorteilen und Gelegenheiten. Ziel ist es, ein professionelles, motiviertes Vertriebsnetzwerk zu kreiren, in dem alle Partner globale Lieferanten f\u00fcr ihre Kunden werden k\u00f6nnen. Auf diesem Weg k\u00f6nnen Sie ihren Kunden mithilfe des kompletten Spektrums an Produkten, Technologien und Skills, die die Zucchetti Group zur Verf\u00fcgung stellt, bedienen. Die Partner k\u00f6nnen sich auf das Anbieten spezifischer Zucchetti-Produkte spezialisieren, w\u00e4hrend sie gleichzeitig Synergien mit anderen Partnern bilden. Dadurch ist es m\u00f6glich den Kunden umfangreiche Angebote zu unterbreiten.[\/vc_column_text][\/vc_column][vc_column width=&#8220;1\/3&#8243;][vc_empty_space height=&#8220;100px&#8220;]<div id=\"modal-trg-txt-wrap-5100\" class=\"ult-modal-input-wrapper ult-adjust-bottom-margin btn btn-lg bt-info  vc_custom_1493018220466  \" data-keypress-control=\"keypress-control-enable\" data-overlay-control=\"overlay-control-enable\"><button  data-ultimate-target='#modal-trg-txt-wrap-5100 .btn-modal'  data-responsive-json-new='{\"font-size\":\"\",\"line-height\":\"\"}'  style=\"color:#ffffff; \" data-class-id=\"content-69e283df7f9855-91224652\" class=\"btn-modal ult-responsive btn-primary btn-modal-lg overlay-show ult-align-center btn-id-69e283df7f9855-91224652\" data-overlay-class=\"overlay-fade\">Info<\/button><\/div>\n<div class=\"ult-overlay content-69e283df7f9855-91224652 \" data-class=\"content-69e283df7f9855-91224652\" id=\"button-click-overlay\" style=\"background:rgba(255,255,255,0.8); display:none;\">\n\t<div class=\"ult_modal ult-fade ult-container\">\n\t\t<div id=\"ult-modal-wrap-8025\" class=\"ult_modal-content ult-hide\" style=\"border-style:solid;border-width:1px;border-radius:0px;border-color:#999999;\">\n\t\t\t<div class=\"ult_modal-header\" style=\"background:#2963bd;color:#333333;border-color:#999999;\">\n\t\t\t\t<h3  data-ultimate-target='#ult-modal-wrap-8025 .ult_modal-title'  data-responsive-json-new='{\"font-size\":\"\",\"line-height\":\"\"}'  class=\"ult_modal-title ult-responsive\">Info<\/h3>\n\t\t\t<\/div>\n\t\t\t<div  data-ultimate-target='#ult-modal-wrap-8025 .ult_modal-body'  data-responsive-json-new='{\"font-size\":\"\",\"line-height\":\"\"}'  class=\"ult_modal-body ult-responsive ult-html\" style=\"background:#f3f3f3;\">\n\t\t\t<div class=\"porto-block\" data-id=\"1613\">[vc_row][vc_column][vc_column_text]\r\n<div class=\"modal-body\">\r\n\r\n&nbsp;\r\n<div class=\"icons8-email\"><\/div>\r\nPartner werden\r\n\r\n<hr class=\"tall\" \/>\r\n\r\n&nbsp;\r\n<div class=\"icons8-customer-support\"><\/div>\r\nRufen Sie uns an: <span class=\"side-call-span\">+49 681 870 85 0<\/span>\r\n\r\n<\/div>\r\n[\/vc_column_text][\/vc_column][\/vc_row]<\/div><script>document.getElementById(\"btn-side-contact\").onclick = function() { window.open('\/de\/partnership-request.html'); }\r\ndocument.getElementById(\"btn-side-call\").onclick = function() { window.open('tel:+3903715942444','_self'); }<\/script>\n\t\t\t<\/div>\n\t<\/div>\n\t<\/div>\n\t<div class=\"ult-overlay-close top-right\" style=\" \"><div class=\"ult-overlay-close-inside\">Close<\/div><\/div>\n<\/div>[\/vc_column][\/vc_row][vc_row wrap_container=&#8220;yes&#8220; css=&#8220;.vc_custom_1492461630955{margin-bottom: 30px !important;}&#8220;][vc_column][vc_row_inner css=&#8220;.vc_custom_1492461642018{margin-bottom: 30px !important;}&#8220;][vc_column_inner][vc_custom_heading text=&#8220;<strong>Vorteile<\/strong>&#8220; use_theme_fonts=&#8220;yes&#8220;][vc_empty_space][vc_column_text]Die Zucchetti Group entwickelt hochmoderne Softwareplattformen und Anwendungen, welche Partnern helfen k\u00f6nnen, marktangepasste L\u00f6sungen zu entwickeln, welche dem bestehenden Angebot Mehrwert und herausragende Vorteile bieten:<\/p>\n<ul type=\"disc\">\n<li>Gesteigerte Marktexposition<\/li>\n<li>Neue Gesch\u00e4ftsgelegenheiten<\/li>\n<li>Umsatzsteigerung<\/li>\n<\/ul>\n<p>Unser Partnerprogramm ist ein wichtiges Abkommen f\u00fcr gegenseitige Kooperation und Wachstum. Wir bieten unseren Partnern nicht nur hochwertige Produkte mit hohen Standards, simpler Integration, Einfachheit, Flexibilit\u00e4t und Anpassung an ihre Bed\u00fcrfnisse:<\/p>\n<ul type=\"disc\">\n<li>Wir\u00a0<strong>arbeiten\u00a0<\/strong>gemeinsam, um zu garantieren, dass Kunden die besten, innovativsten Produkte erhalten<\/li>\n<li>Wir\u00a0<strong>entwickeln\u00a0<\/strong>individuell angepasste Produkte entsprechend der Kundenw\u00fcnsche<\/li>\n<li>Wir\u00a0<strong>besprechen\u00a0<\/strong>alle Probleme, egal ob technisch oder gesch\u00e4ftlich<\/li>\n<li>Wir\u00a0<strong>schulen\u00a0<\/strong>unsere Partner in speziellen technischen und gewerblichen Kursen<\/li>\n<li>Wir\u00a0<strong>unterst\u00fctzen\u00a0<\/strong>ihre T\u00e4tigkeiten durch weitgreifende Marketinginitiativen<\/li>\n<\/ul>\n<p>[\/vc_column_text][\/vc_column_inner][\/vc_row_inner][vc_separator css=&#8220;.vc_custom_1492461652203{margin-bottom: 30px !important;}&#8220;][\/vc_column][\/vc_row][vc_row][vc_column width=&#8220;2\/3&#8243;][vc_custom_heading text=&#8220;<strong>Chanchen<\/strong>&#8220; use_theme_fonts=&#8220;yes&#8220; css=&#8220;.vc_custom_1492461663191{margin-bottom: 30px !important;}&#8220;][vc_column_text]Wir bieten unseren Partnern innovative L\u00f6sungen, Unterst\u00fctzung bei Marketing, Verkauf, Technik und Gesch\u00e4ftsmodellen, bieten ICT-Expertise, Marktwissen, Ausf\u00fchrung und Bereitstellung sowie Verkaufsexpertise. Gemeinsam k\u00f6nnen wir eine Partnerschaft schaffen, von der beide Seiten profitieren und die auf Qualit\u00e4t, Vielfalt, Technologie, Flexibilit\u00e4t, Tragbarkeit, Skalierbarkeit und Integration basiert. Wir m\u00f6chten unseren Partnern helfen, L\u00f6sungen zu finden, die ideal auf ihre gesch\u00e4ftlichen Bed\u00fcrfnisse zugeschnitten sind.<\/p>\n<p>Wenn Sie sich gro\u00dfartige neue Gesch\u00e4ftschancen w\u00fcnschen, werden Sie zum Zucchetti-Partner![\/vc_column_text][vc_empty_space height=&#8220;50px&#8220;][\/vc_column][vc_column width=&#8220;1\/3&#8243;][\/vc_column][\/vc_row]<\/p>\n<\/div>","protected":false},"excerpt":{"rendered":"<p>[vc_row][vc_column width=&#8220;2\/3&#8243;][vc_empty_space height=&#8220;50px&#8220;][vc_custom_heading text=&#8220;Unsere Partner&#8220; use_theme_fonts=&#8220;yes&#8220;][vc_empty_space][vc_column_text css=&#8220;.vc_custom_1520323083884{margin-bottom: 50px !important;}&#8220;]Zucchetti Partner \u2013 das Geheimnis unseres Erfolgs Jeder unserer Partner hat bereits zu einem gemeinsamen Erfolg beigetragen und arbeitet weiterhin mit uns auf diesen hin. Wir wissen [&hellip;]<\/p>\n","protected":false},"author":2,"featured_media":0,"parent":0,"menu_order":0,"comment_status":"closed","ping_status":"closed","template":"","meta":{"footnotes":""},"class_list":["post-1168","page","type-page","status-publish","hentry"],"_links":{"self":[{"href":"https:\/\/www.zucchetti.com\/de\/wp-json\/wp\/v2\/pages\/1168","targetHints":{"allow":["GET"]}}],"collection":[{"href":"https:\/\/www.zucchetti.com\/de\/wp-json\/wp\/v2\/pages"}],"about":[{"href":"https:\/\/www.zucchetti.com\/de\/wp-json\/wp\/v2\/types\/page"}],"author":[{"embeddable":true,"href":"https:\/\/www.zucchetti.com\/de\/wp-json\/wp\/v2\/users\/2"}],"replies":[{"embeddable":true,"href":"https:\/\/www.zucchetti.com\/de\/wp-json\/wp\/v2\/comments?post=1168"}],"version-history":[{"count":1,"href":"https:\/\/www.zucchetti.com\/de\/wp-json\/wp\/v2\/pages\/1168\/revisions"}],"predecessor-version":[{"id":5237,"href":"https:\/\/www.zucchetti.com\/de\/wp-json\/wp\/v2\/pages\/1168\/revisions\/5237"}],"wp:attachment":[{"href":"https:\/\/www.zucchetti.com\/de\/wp-json\/wp\/v2\/media?parent=1168"}],"curies":[{"name":"wp","href":"https:\/\/api.w.org\/{rel}","templated":true}]}}