{"id":1142,"date":"2017-04-17T19:18:20","date_gmt":"2017-04-17T17:18:20","guid":{"rendered":"https:\/\/www.zucchetti.com\/de\/?page_id=1142"},"modified":"2024-08-07T09:55:29","modified_gmt":"2024-08-07T07:55:29","slug":"gruppe","status":"publish","type":"page","link":"https:\/\/www.zucchetti.com\/de\/gruppe.html","title":{"rendered":"\u00dcber uns"},"content":{"rendered":"<div class=\"wpb-content-wrapper\"><p>[vc_row wrap_container=&#8220;yes&#8220;][vc_column][rev_slider_vc alias=&#8220;photo-gruppe-new&#8220;][vc_empty_space height=&#8220;80px&#8220;][vc_row_inner][vc_column_inner width=&#8220;7\/12&#8243;][vc_custom_heading text=&#8220;Gruppenprofil&#8220; font_container=&#8220;tag:h4|font_size:1.4em|text_align:left|color:%231d2127&#8243; google_fonts=&#8220;font_family:Roboto%3A100%2C100italic%2C300%2C300italic%2Cregular%2Citalic%2C500%2C500italic%2C700%2C700italic%2C900%2C900italic|font_style:300%20light%20regular%3A300%3Anormal&#8220;][vc_empty_space height=&#8220;20px&#8220;][vc_column_text css=&#8220;&#8220;]Mit mehr als <strong>9.000 Personen<\/strong>, ist die Zucchetti Group eines der wichtigsten italienischen IT-Unternehmen.<\/p>\n<p><strong>Die Zucchetti Group bietet<\/strong> Software, Hardware und IT-Dienstleistungen f\u00fcr Unternehmen, Buchhalter, Berater und Handelsverb\u00e4nde an<strong>, welche sich einen erheblichen Wettbewerbsvorteil sichern und sich f\u00fcr all ihre IT-Bed\u00fcrfnisse auf einen einzelnen Partner verlassen wollen.<\/strong><\/p>\n<p>Unsere Software- und Hardware-L\u00f6sungen und innovativen Dienstleistungen werden speziell an die Bed\u00fcrfnisse der folgenden Unternehmen und Beh\u00f6rden angepasst:<\/p>\n<ul type=\"disc\">\n<li><strong>Unternehmen <\/strong>jeder Branche und jeder Gr\u00f6\u00dfe, einschlie\u00dflich <strong>Banken und Versicherungen<\/strong><\/li>\n<li><strong>Experten <\/strong>(Wirtschaftspr\u00fcfer, Unternehmensberater, Anw\u00e4lte, Insolvenzverwalter, Notare usw.), eingetragene <strong>Verb\u00e4nde und Steuerberatungszentralen<\/strong><\/li>\n<li>\u00d6rtliche und zentrale<strong> Beh\u00f6rden <\/strong>(Gemeinden, Provinzen, Regionen, Ministerien, \u00f6ffentliche Unternehmen usw.)<\/li>\n<\/ul>\n<p>Die Zucchetti Group verwendet eine <strong>umfangreiche, mehrdisziplinarische Herangehensweise, <\/strong>um die Bed\u00fcrfnisse unserer Kunden zu identifizieren, Projekte zu koordinieren, verwalten und zu schaffen. Auf diese Weise sind wir in der Lage, Produkte und Dienstleistungen von h\u00f6chster Qualit\u00e4t anzubieten und Anwendern die besten L\u00f6sungen auf dem Markt zur Verf\u00fcgung zu stellen.<\/p>\n<p><strong>Zucchetti konzentriert sich seit jeher auf die Bereitstellung effizienter, professioneller Dienstleistungen,<\/strong> sowie hochwertiger Softwarel\u00f6sungen. Die Zucchetti Group besch\u00e4ftigt hochqualifizierte Arbeitnehmer. Dies garantiert:<\/p>\n<ul type=\"disc\">\n<li>Kompetente <strong>Beratung vor dem Verkauf <\/strong>(Bedarfsanalyse, L\u00f6sungsstudien usw.)<\/li>\n<li>Rechtzeitiger und angemessener <strong>After-Sales Service<\/strong> (Installation, Support, etc.)<\/li>\n<li><strong>Umfangreiche Schulungen<\/strong>, damit das volle Potential der L\u00f6sungen ausgesch\u00f6pft werden kann<\/li>\n<li><strong>Dauerhafte Updates<\/strong> und Anpassungen an \u00c4nderungen von Vorschriften, Buchhaltungsregeln, Steuern, Arbeitsrecht, Sozialabgaben usw.<\/li>\n<\/ul>\n<p><strong>Zucchetti steht zudem f\u00fcr Sicherheit.<\/strong> Unser eigenes <strong>Data Center<\/strong> garantiert hohe Sicherheitsstandards f\u00fcr IT, Logik (Einbruchskontrollsysteme), Anwendung und physischen Schutzsystemen (Feuerschutz, Zugangskontrolle usw.) sowie einen verl\u00e4sslichen Outsourcing-Service unter allen erdenklichen Bedingungen.[\/vc_column_text][\/vc_column_inner][vc_column_inner width=&#8220;5\/12&#8243;][vc_column_text]<\/p>\n<h4><i class=\"fa fa-angle-right ma-r-10\"><\/i><strong>Zucchetti in Italien<\/strong><\/h4>\n<p>Die Zucchetti Group besteht aus \u00fcber 20 Unternehmen, mit Tochter- und Zweigunternehmen in 20 verschiedenen italienischen St\u00e4dten.<\/p>\n<h4><i class=\"fa fa-angle-right ma-r-10\"><\/i><a href=\"\/de\/gruppe\/zucchetti-world.html\"><strong>Zucchetti weltweit<\/strong><\/a><\/h4>\n<p>Die Zucchetti Group ist in vielen L\u00e4ndern mit eigenen B\u00fcros, Unternehmen und Partnern vertreten[\/vc_column_text][vc_empty_space]<div class=\"uavc-list-icon uavc-list-icon-wrapper ult-adjust-bottom-margin   \"><ul class=\"uavc-list\"><li><div class=\"uavc-list-content\" id=\"list-icon-wrap-3016\">\n<div class=\"uavc-list-icon easy-list \" data-animation=\"\" data-animation-delay=\"03\" style=\"margin-right:16px;\"><div class=\"ult-just-icon-wrapper  \"><div class=\"align-icon\" style=\"text-align:center;\">\n<div class=\"aio-icon none \"  style=\"color:#1d2127;font-size:16px;display:inline-block;\">\n\t<i class=\"none\"><\/i>\n<\/div><\/div><\/div>\n<\/div><span  data-ultimate-target='#list-icon-wrap-3016 .uavc-list-desc'  data-responsive-json-new='{\"font-size\":\"\",\"line-height\":\"\"}'  class=\"uavc-list-desc ult-responsive\" style=\"\"><\/span><\/div><\/li><li><div class=\"uavc-list-content\" id=\"list-icon-wrap-1985\">\n<div class=\"uavc-list-icon easy-list \" data-animation=\"\" data-animation-delay=\"03\" style=\"margin-right:16px;\"><div class=\"ult-just-icon-wrapper  \"><div class=\"align-icon\" style=\"text-align:center;\">\n<div class=\"aio-icon none \"  style=\"color:#1d2127;font-size:16px;display:inline-block;\">\n\t<i class=\"none\"><\/i>\n<\/div><\/div><\/div>\n<\/div><span  data-ultimate-target='#list-icon-wrap-1985 .uavc-list-desc'  data-responsive-json-new='{\"font-size\":\"\",\"line-height\":\"\"}'  class=\"uavc-list-desc ult-responsive\" style=\"\"><a href=\"https:\/\/www.zucchetti.com\/de\/wp-content\/uploads\/2021\/04\/2021_DGPT_Depliant_Group_Profile_TED.pdf\" target=\"_blank\" rel=\"noopener noreferrer\">Zucchetti Group Profile<\/a><\/span><\/div><\/li><li><div class=\"uavc-list-content\" id=\"list-icon-wrap-1953\">\n<div class=\"uavc-list-icon easy-list \" data-animation=\"\" data-animation-delay=\"03\" style=\"margin-right:16px;\"><div class=\"ult-just-icon-wrapper  \"><div class=\"align-icon\" style=\"text-align:center;\">\n<div class=\"aio-icon none \"  style=\"color:#1d2127;font-size:16px;display:inline-block;\">\n\t<i class=\"none\"><\/i>\n<\/div><\/div><\/div>\n<\/div><span  data-ultimate-target='#list-icon-wrap-1953 .uavc-list-desc'  data-responsive-json-new='{\"font-size\":\"\",\"line-height\":\"\"}'  class=\"uavc-list-desc ult-responsive\" style=\"\"><a href=\"https:\/\/www.zucchetti.com\/de\/wp-content\/uploads\/2021\/04\/2021_SPROFILO_GmbH_scheda_profilo_TED.pdf\" target=\"_blank\" rel=\"noopener noreferrer\">Zucchetti Germany GmbH Brochure<\/a><\/span><\/div><\/li><li><div class=\"uavc-list-content\" id=\"list-icon-wrap-9994\">\n<div class=\"uavc-list-icon easy-list \" data-animation=\"\" data-animation-delay=\"03\" style=\"margin-right:16px;\"><div class=\"ult-just-icon-wrapper  \"><div class=\"align-icon\" style=\"text-align:center;\">\n<div class=\"aio-icon none \"  style=\"color:#1d2127;font-size:16px;display:inline-block;\">\n\t<i class=\"none\"><\/i>\n<\/div><\/div><\/div>\n<\/div><span  data-ultimate-target='#list-icon-wrap-9994 .uavc-list-desc'  data-responsive-json-new='{\"font-size\":\"\",\"line-height\":\"\"}'  class=\"uavc-list-desc ult-responsive\" style=\"\"><a href=\"https:\/\/www.zucchetti.com\/de\/wp-content\/uploads\/video\/video_TEDESCO_istituzionale_centro_nov19.mp4\" target=\"_blank\" rel=\"noopener noreferrer\">Video<\/a><\/p>\n<p><!--<br \/>\n&#091;porto_lightbox display=\"block\" lightbox_type=\"iframe\" text=\"Video\" iframe_url=\"https:\/\/www.zucchetti.com\/de\/wp-content\/uploads\/video\/video_sie_sind_unser_sinn_2019.mp4\"&#093;\n<span data-mce-type=\"bookmark\" style=\"display: inline-block; width: 0px; overflow: hidden; line-height: 0;\" class=\"mce_SELRES_start\"><\/span>--><\/span><\/div><\/li><\/ul><\/div>[vc_custom_heading text=&#8220;<strong>Das zentrale HQ der Gruppe<\/strong>&#8220; font_container=&#8220;tag:h4|font_size:1.4em|text_align:left|color:%231d2127&#8243; google_fonts=&#8220;font_family:Roboto%3A100%2C100italic%2C300%2C300italic%2Cregular%2Citalic%2C500%2C500italic%2C700%2C700italic%2C900%2C900italic|font_style:300%20light%20regular%3A300%3Anormal&#8220;][vc_empty_space height=&#8220;20px&#8220;][vc_gmaps link=&#8220;#E-8_JTNDaWZyYW1lJTIwc3JjJTNEJTIyaHR0cHMlM0ElMkYlMkZ3d3cuZ29vZ2xlLmNvbSUyRm1hcHMlMkZlbWJlZCUzRnBiJTNEJTIxMW0xOCUyMTFtMTIlMjExbTMlMjExZDI4MDUuNzA1MzA1MTUxMzM1MyUyMTJkOS40OTg0NzQ0MTYxOTIyNjMlMjEzZDQ1LjMxNDM3ODI1MTQ0NzglMjEybTMlMjExZjAlMjEyZjAlMjEzZjAlMjEzbTIlMjExaTEwMjQlMjEyaTc2OCUyMTRmMTMuMSUyMTNtMyUyMTFtMiUyMTFzMHg0NzgxMmMyYzBjMjgyNDE5JTI1M0EweGRkOTNkODhlNGEyYjYyMTglMjEyc1p1Y2NoZXR0aSUyQlNwQSUyMTVlMCUyMTNtMiUyMTFzaXQlMjEyc2l0JTIxNHYxNTY0MTUyMTg1MTUzJTIxNW0yJTIxMXNpdCUyMTJzaXQlMjIlMjB3aWR0aCUzRCUyMjEwMCUyNSUyMiUyMGhlaWdodCUzRCUyMjMwMCUyMiUyMGZyYW1lYm9yZGVyJTNEJTIyMCUyMiUyMHN0eWxlJTNEJTIyYm9yZGVyJTNBMCUyMiUyMGFsbG93ZnVsbHNjcmVlbiUzRSUzQyUyRmlmcmFtZSUzRQ==&#8220;]<div class=\"uavc-list-icon uavc-list-icon-wrapper ult-adjust-bottom-margin easy-iconlist  \"><ul class=\"uavc-list\"><li><div class=\"uavc-list-content\" id=\"list-icon-wrap-2308\">\n<div class=\"uavc-list-icon  \" data-animation=\"\" data-animation-delay=\"03\" style=\"margin-right:16px;\"><div class=\"ult-just-icon-wrapper  \"><div class=\"align-icon\" style=\"text-align:center;\">\n<div class=\"aio-icon none \"  style=\"color:#777777;font-size:16px;display:inline-block;\">\n\t<i class=\"Defaults-map-marker\"><\/i>\n<\/div><\/div><\/div>\n<\/div><span  data-ultimate-target='#list-icon-wrap-2308 .uavc-list-desc'  data-responsive-json-new='{\"font-size\":\"\",\"line-height\":\"\"}'  class=\"uavc-list-desc ult-responsive\" style=\"\"><strong>Adresse:<\/strong> Via Solferino, 1, 26900 Lodi, Italia<\/span><\/div><\/li><li><div class=\"uavc-list-content\" id=\"list-icon-wrap-2246\">\n<div class=\"uavc-list-icon  \" data-animation=\"\" data-animation-delay=\"03\" style=\"margin-right:16px;\"><div class=\"ult-just-icon-wrapper  \"><div class=\"align-icon\" style=\"text-align:center;\">\n<div class=\"aio-icon none \"  style=\"color:#777777;font-size:16px;display:inline-block;\">\n\t<i class=\"Defaults-phone\"><\/i>\n<\/div><\/div><\/div>\n<\/div><span  data-ultimate-target='#list-icon-wrap-2246 .uavc-list-desc'  data-responsive-json-new='{\"font-size\":\"\",\"line-height\":\"\"}'  class=\"uavc-list-desc ult-responsive\" style=\"\"><strong>Telefon:<\/strong> (+39) 0371-594 24 44<\/span><\/div><\/li><\/ul><\/div>[\/vc_column_inner][\/vc_row_inner][\/vc_column][\/vc_row][vc_row][vc_column][vc_empty_space height=&#8220;50px&#8220;][\/vc_column][\/vc_row]<\/p>\n<\/div>","protected":false},"excerpt":{"rendered":"<p>[vc_row wrap_container=&#8220;yes&#8220;][vc_column][rev_slider_vc alias=&#8220;photo-gruppe-new&#8220;][vc_empty_space height=&#8220;80px&#8220;][vc_row_inner][vc_column_inner width=&#8220;7\/12&#8243;][vc_custom_heading text=&#8220;Gruppenprofil&#8220; font_container=&#8220;tag:h4|font_size:1.4em|text_align:left|color:%231d2127&#8243; google_fonts=&#8220;font_family:Roboto%3A100%2C100italic%2C300%2C300italic%2Cregular%2Citalic%2C500%2C500italic%2C700%2C700italic%2C900%2C900italic|font_style:300%20light%20regular%3A300%3Anormal&#8220;][vc_empty_space height=&#8220;20px&#8220;][vc_column_text css=&#8220;&#8220;]Mit mehr als 9.000 Personen, ist die Zucchetti Group eines der wichtigsten italienischen IT-Unternehmen. Die Zucchetti Group bietet Software, Hardware und IT-Dienstleistungen f\u00fcr Unternehmen, Buchhalter, Berater [&hellip;]<\/p>\n","protected":false},"author":2,"featured_media":0,"parent":0,"menu_order":0,"comment_status":"closed","ping_status":"closed","template":"","meta":{"footnotes":""},"class_list":["post-1142","page","type-page","status-publish","hentry"],"_links":{"self":[{"href":"https:\/\/www.zucchetti.com\/de\/wp-json\/wp\/v2\/pages\/1142","targetHints":{"allow":["GET"]}}],"collection":[{"href":"https:\/\/www.zucchetti.com\/de\/wp-json\/wp\/v2\/pages"}],"about":[{"href":"https:\/\/www.zucchetti.com\/de\/wp-json\/wp\/v2\/types\/page"}],"author":[{"embeddable":true,"href":"https:\/\/www.zucchetti.com\/de\/wp-json\/wp\/v2\/users\/2"}],"replies":[{"embeddable":true,"href":"https:\/\/www.zucchetti.com\/de\/wp-json\/wp\/v2\/comments?post=1142"}],"version-history":[{"count":11,"href":"https:\/\/www.zucchetti.com\/de\/wp-json\/wp\/v2\/pages\/1142\/revisions"}],"predecessor-version":[{"id":7146,"href":"https:\/\/www.zucchetti.com\/de\/wp-json\/wp\/v2\/pages\/1142\/revisions\/7146"}],"wp:attachment":[{"href":"https:\/\/www.zucchetti.com\/de\/wp-json\/wp\/v2\/media?parent=1142"}],"curies":[{"name":"wp","href":"https:\/\/api.w.org\/{rel}","templated":true}]}}